{"id":500,"date":"2015-11-27T13:20:49","date_gmt":"2015-11-27T12:20:49","guid":{"rendered":"https:\/\/www.behome-mallorca.com\/de\/small-disclaimer\/"},"modified":"2024-10-07T13:42:30","modified_gmt":"2024-10-07T11:42:30","slug":"ausschlussklausel","status":"publish","type":"page","link":"https:\/\/www.behome-mallorca.com\/de\/ausschlussklausel\/","title":{"rendered":"Ausschlussklausel"},"content":{"rendered":"<p>Dieses Angebot ist f\u00fcr den K\u00e4ufer provisionsfrei. Alle Geb\u00fchren und Steuer, wie z.B. Notarkosten, Anmeldungsgeb\u00fchren, \u201egestoria\u201c und Land\u00fcbertragungssteuer sind vom K\u00e4ufer zu bezahlen. Die bereitgestellten Informationen und Daten k\u00f6nnen jederzeit ohne Vorwarnung ge\u00e4ndert werden. Alle Informationen basieren auf den Angaben der Eigner und k\u00f6nnen Fehlangaben enthalten sowie jederzeit korrigiert, ge\u00e4ndert oder entfernt werden. BeHome Mallorca haftet nicht f\u00fcr die Richtigkeit der Einzelheiten. Unsere Angebote sind vertraulich. Jedwede nicht erlaubte Bekanntmachung unserer Angebote bei Dritten ist verboten.<\/p>\n<p>Bei Vermietung: Der angegebene Mietpreis versteht sich pro Monat und zuz\u00fcglich Zusatzkosten. Die Vermittlerprovision muss vom Eigent\u00fcmer der Immobilie an BeHome Mallorca gezahlt werden.<\/p>\n","protected":false},"excerpt":{"rendered":"<p>Dieses Angebot ist f\u00fcr den K\u00e4ufer provisionsfrei. Alle Geb\u00fchren und Steuer, wie z.B. Notarkosten, Anmeldungsgeb\u00fchren, \u201egestoria\u201c und Land\u00fcbertragungssteuer sind vom K\u00e4ufer zu bezahlen. Die bereitgestellten Informationen und Daten k\u00f6nnen jederzeit ohne Vorwarnung ge\u00e4ndert werden. Alle Informationen basieren auf den Angaben der Eigner und k\u00f6nnen Fehlangaben enthalten sowie jederzeit korrigiert, ge\u00e4ndert oder entfernt werden. BeHome Mallorca [&hellip;]<\/p>\n","protected":false},"author":4,"featured_media":0,"parent":0,"menu_order":7000,"comment_status":"closed","ping_status":"closed","template":"","meta":{"_acf_changed":false,"footnotes":""},"class_list":["post-500","page","type-page","status-publish","hentry"],"acf":[],"yoast_head":"<!-- This site is optimized with the Yoast SEO plugin v26.4 - https:\/\/yoast.com\/wordpress\/plugins\/seo\/ -->\n<title>Ausschlussklausel - BeHome Mallorca<\/title>\n<meta name=\"robots\" content=\"noindex, follow\" \/>\n<meta property=\"og:locale\" content=\"de_DE\" \/>\n<meta property=\"og:type\" content=\"article\" \/>\n<meta property=\"og:title\" content=\"Ausschlussklausel - BeHome Mallorca\" \/>\n<meta property=\"og:description\" content=\"Dieses Angebot ist f\u00fcr den K\u00e4ufer provisionsfrei. Alle Geb\u00fchren und Steuer, wie z.B. Notarkosten, Anmeldungsgeb\u00fchren, \u201egestoria\u201c und Land\u00fcbertragungssteuer sind vom K\u00e4ufer zu bezahlen. Die bereitgestellten Informationen und Daten k\u00f6nnen jederzeit ohne Vorwarnung ge\u00e4ndert werden. Alle Informationen basieren auf den Angaben der Eigner und k\u00f6nnen Fehlangaben enthalten sowie jederzeit korrigiert, ge\u00e4ndert oder entfernt werden. BeHome Mallorca [&hellip;]\" \/>\n<meta property=\"og:url\" content=\"https:\/\/www.behome-mallorca.com\/de\/ausschlussklausel\/\" \/>\n<meta property=\"og:site_name\" content=\"BeHome Mallorca\" \/>\n<meta property=\"article:publisher\" content=\"https:\/\/www.facebook.com\/BeHomeMallorca\" \/>\n<meta property=\"article:modified_time\" content=\"2024-10-07T11:42:30+00:00\" \/>\n<meta name=\"twitter:card\" content=\"summary_large_image\" \/>\n<meta name=\"twitter:site\" content=\"@behomemallorca\" \/>\n<meta name=\"twitter:label1\" content=\"Gesch\u00e4tzte Lesezeit\" \/>\n\t<meta name=\"twitter:data1\" content=\"1\u00a0Minute\" \/>\n<script type=\"application\/ld+json\" class=\"yoast-schema-graph\">{\"@context\":\"https:\/\/schema.org\",\"@graph\":[{\"@type\":\"WebPage\",\"@id\":\"https:\/\/www.behome-mallorca.com\/de\/ausschlussklausel\/\",\"url\":\"https:\/\/www.behome-mallorca.com\/de\/ausschlussklausel\/\",\"name\":\"Ausschlussklausel - BeHome Mallorca\",\"isPartOf\":{\"@id\":\"https:\/\/www.behome-mallorca.com\/#website\"},\"datePublished\":\"2015-11-27T12:20:49+00:00\",\"dateModified\":\"2024-10-07T11:42:30+00:00\",\"breadcrumb\":{\"@id\":\"https:\/\/www.behome-mallorca.com\/de\/ausschlussklausel\/#breadcrumb\"},\"inLanguage\":\"de\",\"potentialAction\":[{\"@type\":\"ReadAction\",\"target\":[\"https:\/\/www.behome-mallorca.com\/de\/ausschlussklausel\/\"]}]},{\"@type\":\"BreadcrumbList\",\"@id\":\"https:\/\/www.behome-mallorca.com\/de\/ausschlussklausel\/#breadcrumb\",\"itemListElement\":[{\"@type\":\"ListItem\",\"position\":1,\"name\":\"Home\",\"item\":\"https:\/\/www.behome-mallorca.com\/de\/\"},{\"@type\":\"ListItem\",\"position\":2,\"name\":\"Ausschlussklausel\"}]},{\"@type\":\"WebSite\",\"@id\":\"https:\/\/www.behome-mallorca.com\/#website\",\"url\":\"https:\/\/www.behome-mallorca.com\/\",\"name\":\"BeHome Mallorca\",\"description\":\"Houses to live in\",\"publisher\":{\"@id\":\"https:\/\/www.behome-mallorca.com\/#organization\"},\"potentialAction\":[{\"@type\":\"SearchAction\",\"target\":{\"@type\":\"EntryPoint\",\"urlTemplate\":\"https:\/\/www.behome-mallorca.com\/?s={search_term_string}\"},\"query-input\":{\"@type\":\"PropertyValueSpecification\",\"valueRequired\":true,\"valueName\":\"search_term_string\"}}],\"inLanguage\":\"de\"},{\"@type\":\"Organization\",\"@id\":\"https:\/\/www.behome-mallorca.com\/#organization\",\"name\":\"BeHome Mallorca\",\"url\":\"https:\/\/www.behome-mallorca.com\/\",\"logo\":{\"@type\":\"ImageObject\",\"inLanguage\":\"de\",\"@id\":\"https:\/\/www.behome-mallorca.com\/#\/schema\/logo\/image\/\",\"url\":\"https:\/\/www.behome-mallorca.com\/wp-content\/uploads\/2021\/02\/logo-black-gold.svg\",\"contentUrl\":\"https:\/\/www.behome-mallorca.com\/wp-content\/uploads\/2021\/02\/logo-black-gold.svg\",\"caption\":\"BeHome Mallorca\"},\"image\":{\"@id\":\"https:\/\/www.behome-mallorca.com\/#\/schema\/logo\/image\/\"},\"sameAs\":[\"https:\/\/www.facebook.com\/BeHomeMallorca\",\"https:\/\/x.com\/behomemallorca\"]}]}<\/script>\n<!-- \/ Yoast SEO plugin. -->","yoast_head_json":{"title":"Ausschlussklausel - BeHome Mallorca","robots":{"index":"noindex","follow":"follow"},"og_locale":"de_DE","og_type":"article","og_title":"Ausschlussklausel - BeHome Mallorca","og_description":"Dieses Angebot ist f\u00fcr den K\u00e4ufer provisionsfrei. Alle Geb\u00fchren und Steuer, wie z.B. Notarkosten, Anmeldungsgeb\u00fchren, \u201egestoria\u201c und Land\u00fcbertragungssteuer sind vom K\u00e4ufer zu bezahlen. Die bereitgestellten Informationen und Daten k\u00f6nnen jederzeit ohne Vorwarnung ge\u00e4ndert werden. Alle Informationen basieren auf den Angaben der Eigner und k\u00f6nnen Fehlangaben enthalten sowie jederzeit korrigiert, ge\u00e4ndert oder entfernt werden. BeHome Mallorca [&hellip;]","og_url":"https:\/\/www.behome-mallorca.com\/de\/ausschlussklausel\/","og_site_name":"BeHome Mallorca","article_publisher":"https:\/\/www.facebook.com\/BeHomeMallorca","article_modified_time":"2024-10-07T11:42:30+00:00","twitter_card":"summary_large_image","twitter_site":"@behomemallorca","twitter_misc":{"Gesch\u00e4tzte Lesezeit":"1\u00a0Minute"},"schema":{"@context":"https:\/\/schema.org","@graph":[{"@type":"WebPage","@id":"https:\/\/www.behome-mallorca.com\/de\/ausschlussklausel\/","url":"https:\/\/www.behome-mallorca.com\/de\/ausschlussklausel\/","name":"Ausschlussklausel - BeHome Mallorca","isPartOf":{"@id":"https:\/\/www.behome-mallorca.com\/#website"},"datePublished":"2015-11-27T12:20:49+00:00","dateModified":"2024-10-07T11:42:30+00:00","breadcrumb":{"@id":"https:\/\/www.behome-mallorca.com\/de\/ausschlussklausel\/#breadcrumb"},"inLanguage":"de","potentialAction":[{"@type":"ReadAction","target":["https:\/\/www.behome-mallorca.com\/de\/ausschlussklausel\/"]}]},{"@type":"BreadcrumbList","@id":"https:\/\/www.behome-mallorca.com\/de\/ausschlussklausel\/#breadcrumb","itemListElement":[{"@type":"ListItem","position":1,"name":"Home","item":"https:\/\/www.behome-mallorca.com\/de\/"},{"@type":"ListItem","position":2,"name":"Ausschlussklausel"}]},{"@type":"WebSite","@id":"https:\/\/www.behome-mallorca.com\/#website","url":"https:\/\/www.behome-mallorca.com\/","name":"BeHome Mallorca","description":"Houses to live in","publisher":{"@id":"https:\/\/www.behome-mallorca.com\/#organization"},"potentialAction":[{"@type":"SearchAction","target":{"@type":"EntryPoint","urlTemplate":"https:\/\/www.behome-mallorca.com\/?s={search_term_string}"},"query-input":{"@type":"PropertyValueSpecification","valueRequired":true,"valueName":"search_term_string"}}],"inLanguage":"de"},{"@type":"Organization","@id":"https:\/\/www.behome-mallorca.com\/#organization","name":"BeHome Mallorca","url":"https:\/\/www.behome-mallorca.com\/","logo":{"@type":"ImageObject","inLanguage":"de","@id":"https:\/\/www.behome-mallorca.com\/#\/schema\/logo\/image\/","url":"https:\/\/www.behome-mallorca.com\/wp-content\/uploads\/2021\/02\/logo-black-gold.svg","contentUrl":"https:\/\/www.behome-mallorca.com\/wp-content\/uploads\/2021\/02\/logo-black-gold.svg","caption":"BeHome Mallorca"},"image":{"@id":"https:\/\/www.behome-mallorca.com\/#\/schema\/logo\/image\/"},"sameAs":["https:\/\/www.facebook.com\/BeHomeMallorca","https:\/\/x.com\/behomemallorca"]}]}},"_links":{"self":[{"href":"https:\/\/www.behome-mallorca.com\/de\/wp-json\/wp\/v2\/pages\/500","targetHints":{"allow":["GET"]}}],"collection":[{"href":"https:\/\/www.behome-mallorca.com\/de\/wp-json\/wp\/v2\/pages"}],"about":[{"href":"https:\/\/www.behome-mallorca.com\/de\/wp-json\/wp\/v2\/types\/page"}],"author":[{"embeddable":true,"href":"https:\/\/www.behome-mallorca.com\/de\/wp-json\/wp\/v2\/users\/4"}],"replies":[{"embeddable":true,"href":"https:\/\/www.behome-mallorca.com\/de\/wp-json\/wp\/v2\/comments?post=500"}],"version-history":[{"count":0,"href":"https:\/\/www.behome-mallorca.com\/de\/wp-json\/wp\/v2\/pages\/500\/revisions"}],"wp:attachment":[{"href":"https:\/\/www.behome-mallorca.com\/de\/wp-json\/wp\/v2\/media?parent=500"}],"curies":[{"name":"wp","href":"https:\/\/api.w.org\/{rel}","templated":true}]}}