{"id":505,"date":"2015-11-24T20:00:55","date_gmt":"2015-11-24T19:00:55","guid":{"rendered":"https:\/\/www.behome-mallorca.com\/de\/services\/permits-procedures\/"},"modified":"2021-02-26T18:18:54","modified_gmt":"2021-02-26T17:18:54","slug":"steuer-und-genehmigungen","status":"publish","type":"page","link":"https:\/\/www.behome-mallorca.com\/de\/dienstleistungen\/steuer-und-genehmigungen\/","title":{"rendered":"Steuer und Genehmigungen"},"content":{"rendered":"<p>Als Hausbesitzer m\u00fcssen Sie die lokale Steuer sowie verschiedene Geb\u00fchren und Genehmigungen j\u00e4hrlich bezahlen bzw. erneuern. Diese beinhalten nicht nur die Grundsteuer (<em>Impuesto sobre bienes inmuebles<\/em>) und die j\u00e4hrliche Abgabe zur Stra\u00dfenbeleuchtung und M\u00fcllentsorgung, sondern z.B. auch Versorgungsrechnungen f\u00fcr Gas und Strom oder die Auffahrt-Lizenz (<em>vado<\/em>).<\/p>\n<p>Bei BeHome Mallorca stehen wir Ihnen hierbei zu Seite und helfen Ihnen auch gerne, ein spanisches Bankkonto zu er\u00f6ffnen, sodass Sie keine Probleme bei Ihren Zahlungen an die lokalen Beh\u00f6rden oder den Stromanbieter haben und Ihren Aufenthalt auf der Insel ganz entspannt genie\u00dfen.<\/p>\n","protected":false},"excerpt":{"rendered":"<p>Als Hausbesitzer m\u00fcssen Sie die lokale Steuer sowie verschiedene Geb\u00fchren und Genehmigungen j\u00e4hrlich bezahlen bzw. erneuern. Diese beinhalten nicht nur die Grundsteuer (Impuesto sobre bienes inmuebles) und die j\u00e4hrliche Abgabe zur Stra\u00dfenbeleuchtung und M\u00fcllentsorgung, sondern z.B. auch Versorgungsrechnungen f\u00fcr Gas und Strom oder die Auffahrt-Lizenz (vado). Bei BeHome Mallorca stehen wir Ihnen hierbei zu Seite [&hellip;]<\/p>\n","protected":false},"author":4,"featured_media":371,"parent":502,"menu_order":4400,"comment_status":"closed","ping_status":"closed","template":"","meta":{"_acf_changed":false,"footnotes":""},"class_list":["post-505","page","type-page","status-publish","has-post-thumbnail","hentry"],"acf":[],"yoast_head":"<!-- This site is optimized with the Yoast SEO plugin v26.4 - https:\/\/yoast.com\/wordpress\/plugins\/seo\/ -->\n<title>Steuer und Genehmigungen - BeHome Mallorca<\/title>\n<meta name=\"description\" content=\"Wir m\u00f6chten Ihren Aufenthalt auf Mallorca so angenehm wie m\u00f6glich machen. Lassen Sie Ihre lokale Steuer und Genehmigungen von uns verwalten.\" \/>\n<meta name=\"robots\" content=\"index, follow, max-snippet:-1, max-image-preview:large, max-video-preview:-1\" \/>\n<link rel=\"canonical\" href=\"https:\/\/www.behome-mallorca.com\/de\/dienstleistungen\/steuer-und-genehmigungen\/\" \/>\n<meta property=\"og:locale\" content=\"de_DE\" \/>\n<meta property=\"og:type\" content=\"article\" \/>\n<meta property=\"og:title\" content=\"Steuer und Genehmigungen - BeHome Mallorca\" \/>\n<meta property=\"og:description\" content=\"Wir m\u00f6chten Ihren Aufenthalt auf Mallorca so angenehm wie m\u00f6glich machen. Lassen Sie Ihre lokale Steuer und Genehmigungen von uns verwalten.\" \/>\n<meta property=\"og:url\" content=\"https:\/\/www.behome-mallorca.com\/de\/dienstleistungen\/steuer-und-genehmigungen\/\" \/>\n<meta property=\"og:site_name\" content=\"BeHome Mallorca\" \/>\n<meta property=\"article:publisher\" content=\"https:\/\/www.facebook.com\/BeHomeMallorca\" \/>\n<meta property=\"article:modified_time\" content=\"2021-02-26T17:18:54+00:00\" \/>\n<meta property=\"og:image\" content=\"https:\/\/www.behome-mallorca.com\/wp-content\/uploads\/2015\/11\/behome-mallorca-permits-and-procedures.jpg\" \/>\n\t<meta property=\"og:image:width\" content=\"1440\" \/>\n\t<meta property=\"og:image:height\" content=\"800\" \/>\n\t<meta property=\"og:image:type\" content=\"image\/jpeg\" \/>\n<meta name=\"twitter:card\" content=\"summary_large_image\" \/>\n<meta name=\"twitter:site\" content=\"@behomemallorca\" \/>\n<meta name=\"twitter:label1\" content=\"Gesch\u00e4tzte Lesezeit\" \/>\n\t<meta name=\"twitter:data1\" content=\"1\u00a0Minute\" \/>\n<script type=\"application\/ld+json\" class=\"yoast-schema-graph\">{\"@context\":\"https:\/\/schema.org\",\"@graph\":[{\"@type\":\"WebPage\",\"@id\":\"https:\/\/www.behome-mallorca.com\/de\/dienstleistungen\/steuer-und-genehmigungen\/\",\"url\":\"https:\/\/www.behome-mallorca.com\/de\/dienstleistungen\/steuer-und-genehmigungen\/\",\"name\":\"Steuer und Genehmigungen - BeHome Mallorca\",\"isPartOf\":{\"@id\":\"https:\/\/www.behome-mallorca.com\/#website\"},\"primaryImageOfPage\":{\"@id\":\"https:\/\/www.behome-mallorca.com\/de\/dienstleistungen\/steuer-und-genehmigungen\/#primaryimage\"},\"image\":{\"@id\":\"https:\/\/www.behome-mallorca.com\/de\/dienstleistungen\/steuer-und-genehmigungen\/#primaryimage\"},\"thumbnailUrl\":\"https:\/\/www.behome-mallorca.com\/wp-content\/uploads\/2015\/11\/behome-mallorca-permits-and-procedures.jpg\",\"datePublished\":\"2015-11-24T19:00:55+00:00\",\"dateModified\":\"2021-02-26T17:18:54+00:00\",\"description\":\"Wir m\u00f6chten Ihren Aufenthalt auf Mallorca so angenehm wie m\u00f6glich machen. Lassen Sie Ihre lokale Steuer und Genehmigungen von uns verwalten.\",\"breadcrumb\":{\"@id\":\"https:\/\/www.behome-mallorca.com\/de\/dienstleistungen\/steuer-und-genehmigungen\/#breadcrumb\"},\"inLanguage\":\"de\",\"potentialAction\":[{\"@type\":\"ReadAction\",\"target\":[\"https:\/\/www.behome-mallorca.com\/de\/dienstleistungen\/steuer-und-genehmigungen\/\"]}]},{\"@type\":\"ImageObject\",\"inLanguage\":\"de\",\"@id\":\"https:\/\/www.behome-mallorca.com\/de\/dienstleistungen\/steuer-und-genehmigungen\/#primaryimage\",\"url\":\"https:\/\/www.behome-mallorca.com\/wp-content\/uploads\/2015\/11\/behome-mallorca-permits-and-procedures.jpg\",\"contentUrl\":\"https:\/\/www.behome-mallorca.com\/wp-content\/uploads\/2015\/11\/behome-mallorca-permits-and-procedures.jpg\",\"width\":1440,\"height\":800,\"caption\":\"Steuer und Genehmigungen\"},{\"@type\":\"BreadcrumbList\",\"@id\":\"https:\/\/www.behome-mallorca.com\/de\/dienstleistungen\/steuer-und-genehmigungen\/#breadcrumb\",\"itemListElement\":[{\"@type\":\"ListItem\",\"position\":1,\"name\":\"Home\",\"item\":\"https:\/\/www.behome-mallorca.com\/de\/\"},{\"@type\":\"ListItem\",\"position\":2,\"name\":\"Dienstleistungen\",\"item\":\"https:\/\/www.behome-mallorca.com\/de\/dienstleistungen\/\"},{\"@type\":\"ListItem\",\"position\":3,\"name\":\"Steuer und Genehmigungen\"}]},{\"@type\":\"WebSite\",\"@id\":\"https:\/\/www.behome-mallorca.com\/#website\",\"url\":\"https:\/\/www.behome-mallorca.com\/\",\"name\":\"BeHome Mallorca\",\"description\":\"Houses to live in\",\"publisher\":{\"@id\":\"https:\/\/www.behome-mallorca.com\/#organization\"},\"potentialAction\":[{\"@type\":\"SearchAction\",\"target\":{\"@type\":\"EntryPoint\",\"urlTemplate\":\"https:\/\/www.behome-mallorca.com\/?s={search_term_string}\"},\"query-input\":{\"@type\":\"PropertyValueSpecification\",\"valueRequired\":true,\"valueName\":\"search_term_string\"}}],\"inLanguage\":\"de\"},{\"@type\":\"Organization\",\"@id\":\"https:\/\/www.behome-mallorca.com\/#organization\",\"name\":\"BeHome Mallorca\",\"url\":\"https:\/\/www.behome-mallorca.com\/\",\"logo\":{\"@type\":\"ImageObject\",\"inLanguage\":\"de\",\"@id\":\"https:\/\/www.behome-mallorca.com\/#\/schema\/logo\/image\/\",\"url\":\"https:\/\/www.behome-mallorca.com\/wp-content\/uploads\/2021\/02\/logo-black-gold.svg\",\"contentUrl\":\"https:\/\/www.behome-mallorca.com\/wp-content\/uploads\/2021\/02\/logo-black-gold.svg\",\"caption\":\"BeHome Mallorca\"},\"image\":{\"@id\":\"https:\/\/www.behome-mallorca.com\/#\/schema\/logo\/image\/\"},\"sameAs\":[\"https:\/\/www.facebook.com\/BeHomeMallorca\",\"https:\/\/x.com\/behomemallorca\"]}]}<\/script>\n<!-- \/ Yoast SEO plugin. -->","yoast_head_json":{"title":"Steuer und Genehmigungen - BeHome Mallorca","description":"Wir m\u00f6chten Ihren Aufenthalt auf Mallorca so angenehm wie m\u00f6glich machen. Lassen Sie Ihre lokale Steuer und Genehmigungen von uns verwalten.","robots":{"index":"index","follow":"follow","max-snippet":"max-snippet:-1","max-image-preview":"max-image-preview:large","max-video-preview":"max-video-preview:-1"},"canonical":"https:\/\/www.behome-mallorca.com\/de\/dienstleistungen\/steuer-und-genehmigungen\/","og_locale":"de_DE","og_type":"article","og_title":"Steuer und Genehmigungen - BeHome Mallorca","og_description":"Wir m\u00f6chten Ihren Aufenthalt auf Mallorca so angenehm wie m\u00f6glich machen. Lassen Sie Ihre lokale Steuer und Genehmigungen von uns verwalten.","og_url":"https:\/\/www.behome-mallorca.com\/de\/dienstleistungen\/steuer-und-genehmigungen\/","og_site_name":"BeHome Mallorca","article_publisher":"https:\/\/www.facebook.com\/BeHomeMallorca","article_modified_time":"2021-02-26T17:18:54+00:00","og_image":[{"width":1440,"height":800,"url":"https:\/\/www.behome-mallorca.com\/wp-content\/uploads\/2015\/11\/behome-mallorca-permits-and-procedures.jpg","type":"image\/jpeg"}],"twitter_card":"summary_large_image","twitter_site":"@behomemallorca","twitter_misc":{"Gesch\u00e4tzte Lesezeit":"1\u00a0Minute"},"schema":{"@context":"https:\/\/schema.org","@graph":[{"@type":"WebPage","@id":"https:\/\/www.behome-mallorca.com\/de\/dienstleistungen\/steuer-und-genehmigungen\/","url":"https:\/\/www.behome-mallorca.com\/de\/dienstleistungen\/steuer-und-genehmigungen\/","name":"Steuer und Genehmigungen - BeHome Mallorca","isPartOf":{"@id":"https:\/\/www.behome-mallorca.com\/#website"},"primaryImageOfPage":{"@id":"https:\/\/www.behome-mallorca.com\/de\/dienstleistungen\/steuer-und-genehmigungen\/#primaryimage"},"image":{"@id":"https:\/\/www.behome-mallorca.com\/de\/dienstleistungen\/steuer-und-genehmigungen\/#primaryimage"},"thumbnailUrl":"https:\/\/www.behome-mallorca.com\/wp-content\/uploads\/2015\/11\/behome-mallorca-permits-and-procedures.jpg","datePublished":"2015-11-24T19:00:55+00:00","dateModified":"2021-02-26T17:18:54+00:00","description":"Wir m\u00f6chten Ihren Aufenthalt auf Mallorca so angenehm wie m\u00f6glich machen. Lassen Sie Ihre lokale Steuer und Genehmigungen von uns verwalten.","breadcrumb":{"@id":"https:\/\/www.behome-mallorca.com\/de\/dienstleistungen\/steuer-und-genehmigungen\/#breadcrumb"},"inLanguage":"de","potentialAction":[{"@type":"ReadAction","target":["https:\/\/www.behome-mallorca.com\/de\/dienstleistungen\/steuer-und-genehmigungen\/"]}]},{"@type":"ImageObject","inLanguage":"de","@id":"https:\/\/www.behome-mallorca.com\/de\/dienstleistungen\/steuer-und-genehmigungen\/#primaryimage","url":"https:\/\/www.behome-mallorca.com\/wp-content\/uploads\/2015\/11\/behome-mallorca-permits-and-procedures.jpg","contentUrl":"https:\/\/www.behome-mallorca.com\/wp-content\/uploads\/2015\/11\/behome-mallorca-permits-and-procedures.jpg","width":1440,"height":800,"caption":"Steuer und Genehmigungen"},{"@type":"BreadcrumbList","@id":"https:\/\/www.behome-mallorca.com\/de\/dienstleistungen\/steuer-und-genehmigungen\/#breadcrumb","itemListElement":[{"@type":"ListItem","position":1,"name":"Home","item":"https:\/\/www.behome-mallorca.com\/de\/"},{"@type":"ListItem","position":2,"name":"Dienstleistungen","item":"https:\/\/www.behome-mallorca.com\/de\/dienstleistungen\/"},{"@type":"ListItem","position":3,"name":"Steuer und Genehmigungen"}]},{"@type":"WebSite","@id":"https:\/\/www.behome-mallorca.com\/#website","url":"https:\/\/www.behome-mallorca.com\/","name":"BeHome Mallorca","description":"Houses to live in","publisher":{"@id":"https:\/\/www.behome-mallorca.com\/#organization"},"potentialAction":[{"@type":"SearchAction","target":{"@type":"EntryPoint","urlTemplate":"https:\/\/www.behome-mallorca.com\/?s={search_term_string}"},"query-input":{"@type":"PropertyValueSpecification","valueRequired":true,"valueName":"search_term_string"}}],"inLanguage":"de"},{"@type":"Organization","@id":"https:\/\/www.behome-mallorca.com\/#organization","name":"BeHome Mallorca","url":"https:\/\/www.behome-mallorca.com\/","logo":{"@type":"ImageObject","inLanguage":"de","@id":"https:\/\/www.behome-mallorca.com\/#\/schema\/logo\/image\/","url":"https:\/\/www.behome-mallorca.com\/wp-content\/uploads\/2021\/02\/logo-black-gold.svg","contentUrl":"https:\/\/www.behome-mallorca.com\/wp-content\/uploads\/2021\/02\/logo-black-gold.svg","caption":"BeHome Mallorca"},"image":{"@id":"https:\/\/www.behome-mallorca.com\/#\/schema\/logo\/image\/"},"sameAs":["https:\/\/www.facebook.com\/BeHomeMallorca","https:\/\/x.com\/behomemallorca"]}]}},"_links":{"self":[{"href":"https:\/\/www.behome-mallorca.com\/de\/wp-json\/wp\/v2\/pages\/505","targetHints":{"allow":["GET"]}}],"collection":[{"href":"https:\/\/www.behome-mallorca.com\/de\/wp-json\/wp\/v2\/pages"}],"about":[{"href":"https:\/\/www.behome-mallorca.com\/de\/wp-json\/wp\/v2\/types\/page"}],"author":[{"embeddable":true,"href":"https:\/\/www.behome-mallorca.com\/de\/wp-json\/wp\/v2\/users\/4"}],"replies":[{"embeddable":true,"href":"https:\/\/www.behome-mallorca.com\/de\/wp-json\/wp\/v2\/comments?post=505"}],"version-history":[{"count":0,"href":"https:\/\/www.behome-mallorca.com\/de\/wp-json\/wp\/v2\/pages\/505\/revisions"}],"up":[{"embeddable":true,"href":"https:\/\/www.behome-mallorca.com\/de\/wp-json\/wp\/v2\/pages\/502"}],"wp:featuredmedia":[{"embeddable":true,"href":"https:\/\/www.behome-mallorca.com\/de\/wp-json\/wp\/v2\/media\/371"}],"wp:attachment":[{"href":"https:\/\/www.behome-mallorca.com\/de\/wp-json\/wp\/v2\/media?parent=505"}],"curies":[{"name":"wp","href":"https:\/\/api.w.org\/{rel}","templated":true}]}}