{"id":506,"date":"2015-11-24T20:00:07","date_gmt":"2015-11-24T19:00:07","guid":{"rendered":"https:\/\/www.behome-mallorca.com\/de\/services\/maintenance\/"},"modified":"2021-02-26T18:16:58","modified_gmt":"2021-02-26T17:16:58","slug":"hausbetreuung","status":"publish","type":"page","link":"https:\/\/www.behome-mallorca.com\/de\/dienstleistungen\/hausbetreuung\/","title":{"rendered":"Hausbetreuung"},"content":{"rendered":"<p>Ein Haus muss st\u00e4ndig gepflegt werden, besonders wenn Sie es nicht das ganze Jahr \u00fcber bewohnen. Deshalb bietet Ihnen BeHome Mallorca einen <strong>Rundumservice<\/strong> an, um Ihr Haus <strong>immer perfekt zu halten<\/strong>, sodass Sie es jederzeit genie\u00dfen k\u00f6nnen.<\/p>\n<p>Unsere <strong>Leistungen<\/strong> umfassen:<\/p>\n<ul>\n<li><strong>Poolreinigung<\/strong> und -pflege<\/li>\n<li><strong>Gartenpflege<\/strong>, Landschaftsgestaltung und Bescheiden von B\u00e4umen<\/li>\n<li>Regelm\u00e4\u00dfige <strong>\u00dcberwachung<\/strong> Ihrer Immobilie<\/li>\n<li>Pr\u00fcfung und <strong>Reparatur<\/strong> der Abfluss- und Wasserr\u00f6hre, elektrischer Systemen und andere technische Reparaturen<\/li>\n<li>Regelm\u00e4\u00dfige und saisonale <strong>Hausreinigung<\/strong><\/li>\n<\/ul>\n","protected":false},"excerpt":{"rendered":"<p>Ein Haus muss st\u00e4ndig gepflegt werden, besonders wenn Sie es nicht das ganze Jahr \u00fcber bewohnen. Deshalb bietet Ihnen BeHome Mallorca einen Rundumservice an, um Ihr Haus immer perfekt zu halten, sodass Sie es jederzeit genie\u00dfen k\u00f6nnen. Unsere Leistungen umfassen: Poolreinigung und -pflege Gartenpflege, Landschaftsgestaltung und Bescheiden von B\u00e4umen Regelm\u00e4\u00dfige \u00dcberwachung Ihrer Immobilie Pr\u00fcfung und [&hellip;]<\/p>\n","protected":false},"author":4,"featured_media":7726,"parent":502,"menu_order":4100,"comment_status":"closed","ping_status":"closed","template":"","meta":{"_acf_changed":false,"footnotes":""},"class_list":["post-506","page","type-page","status-publish","has-post-thumbnail","hentry"],"acf":[],"yoast_head":"<!-- This site is optimized with the Yoast SEO plugin v26.4 - https:\/\/yoast.com\/wordpress\/plugins\/seo\/ -->\n<title>Hausbetreuung in Mallorca- Inmobilien Leistungen<\/title>\n<meta name=\"description\" content=\"Hausbetreuung in Mallorca. Wie bieten Ihnen einen\u00a0Rundumservice\u00a0an, um Ihr Haus perfekt zu halten, sodass Sie es jederzeit genie\u00dfen k\u00f6nnen.\" \/>\n<meta name=\"robots\" content=\"index, follow, max-snippet:-1, max-image-preview:large, max-video-preview:-1\" \/>\n<link rel=\"canonical\" href=\"https:\/\/www.behome-mallorca.com\/de\/dienstleistungen\/hausbetreuung\/\" \/>\n<meta property=\"og:locale\" content=\"de_DE\" \/>\n<meta property=\"og:type\" content=\"article\" \/>\n<meta property=\"og:title\" content=\"Hausbetreuung in Mallorca- Inmobilien Leistungen\" \/>\n<meta property=\"og:description\" content=\"Hausbetreuung in Mallorca. Wie bieten Ihnen einen\u00a0Rundumservice\u00a0an, um Ihr Haus perfekt zu halten, sodass Sie es jederzeit genie\u00dfen k\u00f6nnen.\" \/>\n<meta property=\"og:url\" content=\"https:\/\/www.behome-mallorca.com\/de\/dienstleistungen\/hausbetreuung\/\" \/>\n<meta property=\"og:site_name\" content=\"BeHome Mallorca\" \/>\n<meta property=\"article:publisher\" content=\"https:\/\/www.facebook.com\/BeHomeMallorca\" \/>\n<meta property=\"article:modified_time\" content=\"2021-02-26T17:16:58+00:00\" \/>\n<meta property=\"og:image\" content=\"https:\/\/www.behome-mallorca.com\/wp-content\/uploads\/2015\/11\/hausbetreuung.jpg\" \/>\n\t<meta property=\"og:image:width\" content=\"1440\" \/>\n\t<meta property=\"og:image:height\" content=\"996\" \/>\n\t<meta property=\"og:image:type\" content=\"image\/jpeg\" \/>\n<meta name=\"twitter:card\" content=\"summary_large_image\" \/>\n<meta name=\"twitter:site\" content=\"@behomemallorca\" \/>\n<script type=\"application\/ld+json\" class=\"yoast-schema-graph\">{\"@context\":\"https:\/\/schema.org\",\"@graph\":[{\"@type\":\"WebPage\",\"@id\":\"https:\/\/www.behome-mallorca.com\/de\/dienstleistungen\/hausbetreuung\/\",\"url\":\"https:\/\/www.behome-mallorca.com\/de\/dienstleistungen\/hausbetreuung\/\",\"name\":\"Hausbetreuung in Mallorca- Inmobilien Leistungen\",\"isPartOf\":{\"@id\":\"https:\/\/www.behome-mallorca.com\/#website\"},\"primaryImageOfPage\":{\"@id\":\"https:\/\/www.behome-mallorca.com\/de\/dienstleistungen\/hausbetreuung\/#primaryimage\"},\"image\":{\"@id\":\"https:\/\/www.behome-mallorca.com\/de\/dienstleistungen\/hausbetreuung\/#primaryimage\"},\"thumbnailUrl\":\"https:\/\/www.behome-mallorca.com\/wp-content\/uploads\/2015\/11\/hausbetreuung.jpg\",\"datePublished\":\"2015-11-24T19:00:07+00:00\",\"dateModified\":\"2021-02-26T17:16:58+00:00\",\"description\":\"Hausbetreuung in Mallorca. Wie bieten Ihnen einen\u00a0Rundumservice\u00a0an, um Ihr Haus perfekt zu halten, sodass Sie es jederzeit genie\u00dfen k\u00f6nnen.\",\"breadcrumb\":{\"@id\":\"https:\/\/www.behome-mallorca.com\/de\/dienstleistungen\/hausbetreuung\/#breadcrumb\"},\"inLanguage\":\"de\",\"potentialAction\":[{\"@type\":\"ReadAction\",\"target\":[\"https:\/\/www.behome-mallorca.com\/de\/dienstleistungen\/hausbetreuung\/\"]}]},{\"@type\":\"ImageObject\",\"inLanguage\":\"de\",\"@id\":\"https:\/\/www.behome-mallorca.com\/de\/dienstleistungen\/hausbetreuung\/#primaryimage\",\"url\":\"https:\/\/www.behome-mallorca.com\/wp-content\/uploads\/2015\/11\/hausbetreuung.jpg\",\"contentUrl\":\"https:\/\/www.behome-mallorca.com\/wp-content\/uploads\/2015\/11\/hausbetreuung.jpg\",\"width\":1440,\"height\":996,\"caption\":\"Hausbetreuung\"},{\"@type\":\"BreadcrumbList\",\"@id\":\"https:\/\/www.behome-mallorca.com\/de\/dienstleistungen\/hausbetreuung\/#breadcrumb\",\"itemListElement\":[{\"@type\":\"ListItem\",\"position\":1,\"name\":\"Home\",\"item\":\"https:\/\/www.behome-mallorca.com\/de\/\"},{\"@type\":\"ListItem\",\"position\":2,\"name\":\"Dienstleistungen\",\"item\":\"https:\/\/www.behome-mallorca.com\/de\/dienstleistungen\/\"},{\"@type\":\"ListItem\",\"position\":3,\"name\":\"Hausbetreuung\"}]},{\"@type\":\"WebSite\",\"@id\":\"https:\/\/www.behome-mallorca.com\/#website\",\"url\":\"https:\/\/www.behome-mallorca.com\/\",\"name\":\"BeHome Mallorca\",\"description\":\"Houses to live in\",\"publisher\":{\"@id\":\"https:\/\/www.behome-mallorca.com\/#organization\"},\"potentialAction\":[{\"@type\":\"SearchAction\",\"target\":{\"@type\":\"EntryPoint\",\"urlTemplate\":\"https:\/\/www.behome-mallorca.com\/?s={search_term_string}\"},\"query-input\":{\"@type\":\"PropertyValueSpecification\",\"valueRequired\":true,\"valueName\":\"search_term_string\"}}],\"inLanguage\":\"de\"},{\"@type\":\"Organization\",\"@id\":\"https:\/\/www.behome-mallorca.com\/#organization\",\"name\":\"BeHome Mallorca\",\"url\":\"https:\/\/www.behome-mallorca.com\/\",\"logo\":{\"@type\":\"ImageObject\",\"inLanguage\":\"de\",\"@id\":\"https:\/\/www.behome-mallorca.com\/#\/schema\/logo\/image\/\",\"url\":\"https:\/\/www.behome-mallorca.com\/wp-content\/uploads\/2021\/02\/logo-black-gold.svg\",\"contentUrl\":\"https:\/\/www.behome-mallorca.com\/wp-content\/uploads\/2021\/02\/logo-black-gold.svg\",\"caption\":\"BeHome Mallorca\"},\"image\":{\"@id\":\"https:\/\/www.behome-mallorca.com\/#\/schema\/logo\/image\/\"},\"sameAs\":[\"https:\/\/www.facebook.com\/BeHomeMallorca\",\"https:\/\/x.com\/behomemallorca\"]}]}<\/script>\n<!-- \/ Yoast SEO plugin. -->","yoast_head_json":{"title":"Hausbetreuung in Mallorca- Inmobilien Leistungen","description":"Hausbetreuung in Mallorca. Wie bieten Ihnen einen\u00a0Rundumservice\u00a0an, um Ihr Haus perfekt zu halten, sodass Sie es jederzeit genie\u00dfen k\u00f6nnen.","robots":{"index":"index","follow":"follow","max-snippet":"max-snippet:-1","max-image-preview":"max-image-preview:large","max-video-preview":"max-video-preview:-1"},"canonical":"https:\/\/www.behome-mallorca.com\/de\/dienstleistungen\/hausbetreuung\/","og_locale":"de_DE","og_type":"article","og_title":"Hausbetreuung in Mallorca- Inmobilien Leistungen","og_description":"Hausbetreuung in Mallorca. Wie bieten Ihnen einen\u00a0Rundumservice\u00a0an, um Ihr Haus perfekt zu halten, sodass Sie es jederzeit genie\u00dfen k\u00f6nnen.","og_url":"https:\/\/www.behome-mallorca.com\/de\/dienstleistungen\/hausbetreuung\/","og_site_name":"BeHome Mallorca","article_publisher":"https:\/\/www.facebook.com\/BeHomeMallorca","article_modified_time":"2021-02-26T17:16:58+00:00","og_image":[{"width":1440,"height":996,"url":"https:\/\/www.behome-mallorca.com\/wp-content\/uploads\/2015\/11\/hausbetreuung.jpg","type":"image\/jpeg"}],"twitter_card":"summary_large_image","twitter_site":"@behomemallorca","schema":{"@context":"https:\/\/schema.org","@graph":[{"@type":"WebPage","@id":"https:\/\/www.behome-mallorca.com\/de\/dienstleistungen\/hausbetreuung\/","url":"https:\/\/www.behome-mallorca.com\/de\/dienstleistungen\/hausbetreuung\/","name":"Hausbetreuung in Mallorca- Inmobilien Leistungen","isPartOf":{"@id":"https:\/\/www.behome-mallorca.com\/#website"},"primaryImageOfPage":{"@id":"https:\/\/www.behome-mallorca.com\/de\/dienstleistungen\/hausbetreuung\/#primaryimage"},"image":{"@id":"https:\/\/www.behome-mallorca.com\/de\/dienstleistungen\/hausbetreuung\/#primaryimage"},"thumbnailUrl":"https:\/\/www.behome-mallorca.com\/wp-content\/uploads\/2015\/11\/hausbetreuung.jpg","datePublished":"2015-11-24T19:00:07+00:00","dateModified":"2021-02-26T17:16:58+00:00","description":"Hausbetreuung in Mallorca. Wie bieten Ihnen einen\u00a0Rundumservice\u00a0an, um Ihr Haus perfekt zu halten, sodass Sie es jederzeit genie\u00dfen k\u00f6nnen.","breadcrumb":{"@id":"https:\/\/www.behome-mallorca.com\/de\/dienstleistungen\/hausbetreuung\/#breadcrumb"},"inLanguage":"de","potentialAction":[{"@type":"ReadAction","target":["https:\/\/www.behome-mallorca.com\/de\/dienstleistungen\/hausbetreuung\/"]}]},{"@type":"ImageObject","inLanguage":"de","@id":"https:\/\/www.behome-mallorca.com\/de\/dienstleistungen\/hausbetreuung\/#primaryimage","url":"https:\/\/www.behome-mallorca.com\/wp-content\/uploads\/2015\/11\/hausbetreuung.jpg","contentUrl":"https:\/\/www.behome-mallorca.com\/wp-content\/uploads\/2015\/11\/hausbetreuung.jpg","width":1440,"height":996,"caption":"Hausbetreuung"},{"@type":"BreadcrumbList","@id":"https:\/\/www.behome-mallorca.com\/de\/dienstleistungen\/hausbetreuung\/#breadcrumb","itemListElement":[{"@type":"ListItem","position":1,"name":"Home","item":"https:\/\/www.behome-mallorca.com\/de\/"},{"@type":"ListItem","position":2,"name":"Dienstleistungen","item":"https:\/\/www.behome-mallorca.com\/de\/dienstleistungen\/"},{"@type":"ListItem","position":3,"name":"Hausbetreuung"}]},{"@type":"WebSite","@id":"https:\/\/www.behome-mallorca.com\/#website","url":"https:\/\/www.behome-mallorca.com\/","name":"BeHome Mallorca","description":"Houses to live in","publisher":{"@id":"https:\/\/www.behome-mallorca.com\/#organization"},"potentialAction":[{"@type":"SearchAction","target":{"@type":"EntryPoint","urlTemplate":"https:\/\/www.behome-mallorca.com\/?s={search_term_string}"},"query-input":{"@type":"PropertyValueSpecification","valueRequired":true,"valueName":"search_term_string"}}],"inLanguage":"de"},{"@type":"Organization","@id":"https:\/\/www.behome-mallorca.com\/#organization","name":"BeHome Mallorca","url":"https:\/\/www.behome-mallorca.com\/","logo":{"@type":"ImageObject","inLanguage":"de","@id":"https:\/\/www.behome-mallorca.com\/#\/schema\/logo\/image\/","url":"https:\/\/www.behome-mallorca.com\/wp-content\/uploads\/2021\/02\/logo-black-gold.svg","contentUrl":"https:\/\/www.behome-mallorca.com\/wp-content\/uploads\/2021\/02\/logo-black-gold.svg","caption":"BeHome Mallorca"},"image":{"@id":"https:\/\/www.behome-mallorca.com\/#\/schema\/logo\/image\/"},"sameAs":["https:\/\/www.facebook.com\/BeHomeMallorca","https:\/\/x.com\/behomemallorca"]}]}},"_links":{"self":[{"href":"https:\/\/www.behome-mallorca.com\/de\/wp-json\/wp\/v2\/pages\/506","targetHints":{"allow":["GET"]}}],"collection":[{"href":"https:\/\/www.behome-mallorca.com\/de\/wp-json\/wp\/v2\/pages"}],"about":[{"href":"https:\/\/www.behome-mallorca.com\/de\/wp-json\/wp\/v2\/types\/page"}],"author":[{"embeddable":true,"href":"https:\/\/www.behome-mallorca.com\/de\/wp-json\/wp\/v2\/users\/4"}],"replies":[{"embeddable":true,"href":"https:\/\/www.behome-mallorca.com\/de\/wp-json\/wp\/v2\/comments?post=506"}],"version-history":[{"count":0,"href":"https:\/\/www.behome-mallorca.com\/de\/wp-json\/wp\/v2\/pages\/506\/revisions"}],"up":[{"embeddable":true,"href":"https:\/\/www.behome-mallorca.com\/de\/wp-json\/wp\/v2\/pages\/502"}],"wp:featuredmedia":[{"embeddable":true,"href":"https:\/\/www.behome-mallorca.com\/de\/wp-json\/wp\/v2\/media\/7726"}],"wp:attachment":[{"href":"https:\/\/www.behome-mallorca.com\/de\/wp-json\/wp\/v2\/media?parent=506"}],"curies":[{"name":"wp","href":"https:\/\/api.w.org\/{rel}","templated":true}]}}