{"id":507,"date":"2015-11-24T19:59:16","date_gmt":"2015-11-24T18:59:16","guid":{"rendered":"https:\/\/www.behome-mallorca.com\/de\/services\/interiorism\/"},"modified":"2021-03-07T13:14:55","modified_gmt":"2021-03-07T12:14:55","slug":"inneneinrichtung","status":"publish","type":"page","link":"https:\/\/www.behome-mallorca.com\/de\/dienstleistungen\/inneneinrichtung\/","title":{"rendered":"Inneneinrichtung"},"content":{"rendered":"<p>Bei BeHome Mallorca bem\u00fchen wir uns, einzigartige personalisierte <strong>Einrichtungen<\/strong> zu kreieren, die m\u00f6glichst viele <strong>Tr\u00e4ume<\/strong> und <strong>W\u00fcnsche<\/strong> unserer Kunden verwirklichen. Wir spezialisieren uns auf nat\u00fcrliches Innendesign mit internationalem Flair.<\/p>\n<p>Wir gehen jedes Projekt ganzheitlich an, verwenden nachhaltige <strong>Materialen<\/strong> und achten auf kleine Details. Wir arbeiten mit den <strong>besten lokalen und internationalen Marken<\/strong> und bieten Ihnen eine gro\u00dfe Auswahl an hochwertigen Produkten und L\u00f6sungen zu annehmbaren Preisen an.<\/p>\n","protected":false},"excerpt":{"rendered":"<p>Bei BeHome Mallorca bem\u00fchen wir uns, einzigartige personalisierte Einrichtungen zu kreieren, die m\u00f6glichst viele Tr\u00e4ume und W\u00fcnsche unserer Kunden verwirklichen. Wir spezialisieren uns auf nat\u00fcrliches Innendesign mit internationalem Flair. Wir gehen jedes Projekt ganzheitlich an, verwenden nachhaltige Materialen und achten auf kleine Details. Wir arbeiten mit den besten lokalen und internationalen Marken und bieten Ihnen [&hellip;]<\/p>\n","protected":false},"author":4,"featured_media":7730,"parent":502,"menu_order":4200,"comment_status":"closed","ping_status":"closed","template":"","meta":{"_acf_changed":false,"footnotes":""},"class_list":["post-507","page","type-page","status-publish","has-post-thumbnail","hentry"],"acf":[],"yoast_head":"<!-- This site is optimized with the Yoast SEO plugin v26.4 - https:\/\/yoast.com\/wordpress\/plugins\/seo\/ -->\n<title>Inneneinrichtung in Mallorca. Inmobilien Leistungen<\/title>\n<meta name=\"description\" content=\"Bei BeHome Mallorca bem\u00fchen wir uns, eine personalisierte\u00a0Inneneinrichtung\u00a0zu kreieren, die m\u00f6glichst viele\u00a0W\u00fcnsche\u00a0unserer Kunden verwirklichen.\" \/>\n<meta name=\"robots\" content=\"index, follow, max-snippet:-1, max-image-preview:large, max-video-preview:-1\" \/>\n<link rel=\"canonical\" href=\"https:\/\/www.behome-mallorca.com\/de\/dienstleistungen\/inneneinrichtung\/\" \/>\n<meta property=\"og:locale\" content=\"de_DE\" \/>\n<meta property=\"og:type\" content=\"article\" \/>\n<meta property=\"og:title\" content=\"Inneneinrichtung in Mallorca. Inmobilien Leistungen\" \/>\n<meta property=\"og:description\" content=\"Bei BeHome Mallorca bem\u00fchen wir uns, eine personalisierte\u00a0Inneneinrichtung\u00a0zu kreieren, die m\u00f6glichst viele\u00a0W\u00fcnsche\u00a0unserer Kunden verwirklichen.\" \/>\n<meta property=\"og:url\" content=\"https:\/\/www.behome-mallorca.com\/de\/dienstleistungen\/inneneinrichtung\/\" \/>\n<meta property=\"og:site_name\" content=\"BeHome Mallorca\" \/>\n<meta property=\"article:publisher\" content=\"https:\/\/www.facebook.com\/BeHomeMallorca\" \/>\n<meta property=\"article:modified_time\" content=\"2021-03-07T12:14:55+00:00\" \/>\n<meta property=\"og:image\" content=\"https:\/\/www.behome-mallorca.com\/wp-content\/uploads\/2015\/11\/decoration.jpg\" \/>\n\t<meta property=\"og:image:width\" content=\"1440\" \/>\n\t<meta property=\"og:image:height\" content=\"1080\" \/>\n\t<meta property=\"og:image:type\" content=\"image\/jpeg\" \/>\n<meta name=\"twitter:card\" content=\"summary_large_image\" \/>\n<meta name=\"twitter:site\" content=\"@behomemallorca\" \/>\n<script type=\"application\/ld+json\" class=\"yoast-schema-graph\">{\"@context\":\"https:\/\/schema.org\",\"@graph\":[{\"@type\":\"WebPage\",\"@id\":\"https:\/\/www.behome-mallorca.com\/de\/dienstleistungen\/inneneinrichtung\/\",\"url\":\"https:\/\/www.behome-mallorca.com\/de\/dienstleistungen\/inneneinrichtung\/\",\"name\":\"Inneneinrichtung in Mallorca. Inmobilien Leistungen\",\"isPartOf\":{\"@id\":\"https:\/\/www.behome-mallorca.com\/#website\"},\"primaryImageOfPage\":{\"@id\":\"https:\/\/www.behome-mallorca.com\/de\/dienstleistungen\/inneneinrichtung\/#primaryimage\"},\"image\":{\"@id\":\"https:\/\/www.behome-mallorca.com\/de\/dienstleistungen\/inneneinrichtung\/#primaryimage\"},\"thumbnailUrl\":\"https:\/\/www.behome-mallorca.com\/wp-content\/uploads\/2015\/11\/decoration.jpg\",\"datePublished\":\"2015-11-24T18:59:16+00:00\",\"dateModified\":\"2021-03-07T12:14:55+00:00\",\"description\":\"Bei BeHome Mallorca bem\u00fchen wir uns, eine personalisierte\u00a0Inneneinrichtung\u00a0zu kreieren, die m\u00f6glichst viele\u00a0W\u00fcnsche\u00a0unserer Kunden verwirklichen.\",\"breadcrumb\":{\"@id\":\"https:\/\/www.behome-mallorca.com\/de\/dienstleistungen\/inneneinrichtung\/#breadcrumb\"},\"inLanguage\":\"de\",\"potentialAction\":[{\"@type\":\"ReadAction\",\"target\":[\"https:\/\/www.behome-mallorca.com\/de\/dienstleistungen\/inneneinrichtung\/\"]}]},{\"@type\":\"ImageObject\",\"inLanguage\":\"de\",\"@id\":\"https:\/\/www.behome-mallorca.com\/de\/dienstleistungen\/inneneinrichtung\/#primaryimage\",\"url\":\"https:\/\/www.behome-mallorca.com\/wp-content\/uploads\/2015\/11\/decoration.jpg\",\"contentUrl\":\"https:\/\/www.behome-mallorca.com\/wp-content\/uploads\/2015\/11\/decoration.jpg\",\"width\":1440,\"height\":1080,\"caption\":\"Inneneinrichtung\"},{\"@type\":\"BreadcrumbList\",\"@id\":\"https:\/\/www.behome-mallorca.com\/de\/dienstleistungen\/inneneinrichtung\/#breadcrumb\",\"itemListElement\":[{\"@type\":\"ListItem\",\"position\":1,\"name\":\"Home\",\"item\":\"https:\/\/www.behome-mallorca.com\/de\/\"},{\"@type\":\"ListItem\",\"position\":2,\"name\":\"Dienstleistungen\",\"item\":\"https:\/\/www.behome-mallorca.com\/de\/dienstleistungen\/\"},{\"@type\":\"ListItem\",\"position\":3,\"name\":\"Inneneinrichtung\"}]},{\"@type\":\"WebSite\",\"@id\":\"https:\/\/www.behome-mallorca.com\/#website\",\"url\":\"https:\/\/www.behome-mallorca.com\/\",\"name\":\"BeHome Mallorca\",\"description\":\"Houses to live in\",\"publisher\":{\"@id\":\"https:\/\/www.behome-mallorca.com\/#organization\"},\"potentialAction\":[{\"@type\":\"SearchAction\",\"target\":{\"@type\":\"EntryPoint\",\"urlTemplate\":\"https:\/\/www.behome-mallorca.com\/?s={search_term_string}\"},\"query-input\":{\"@type\":\"PropertyValueSpecification\",\"valueRequired\":true,\"valueName\":\"search_term_string\"}}],\"inLanguage\":\"de\"},{\"@type\":\"Organization\",\"@id\":\"https:\/\/www.behome-mallorca.com\/#organization\",\"name\":\"BeHome Mallorca\",\"url\":\"https:\/\/www.behome-mallorca.com\/\",\"logo\":{\"@type\":\"ImageObject\",\"inLanguage\":\"de\",\"@id\":\"https:\/\/www.behome-mallorca.com\/#\/schema\/logo\/image\/\",\"url\":\"https:\/\/www.behome-mallorca.com\/wp-content\/uploads\/2021\/02\/logo-black-gold.svg\",\"contentUrl\":\"https:\/\/www.behome-mallorca.com\/wp-content\/uploads\/2021\/02\/logo-black-gold.svg\",\"caption\":\"BeHome Mallorca\"},\"image\":{\"@id\":\"https:\/\/www.behome-mallorca.com\/#\/schema\/logo\/image\/\"},\"sameAs\":[\"https:\/\/www.facebook.com\/BeHomeMallorca\",\"https:\/\/x.com\/behomemallorca\"]}]}<\/script>\n<!-- \/ Yoast SEO plugin. -->","yoast_head_json":{"title":"Inneneinrichtung in Mallorca. Inmobilien Leistungen","description":"Bei BeHome Mallorca bem\u00fchen wir uns, eine personalisierte\u00a0Inneneinrichtung\u00a0zu kreieren, die m\u00f6glichst viele\u00a0W\u00fcnsche\u00a0unserer Kunden verwirklichen.","robots":{"index":"index","follow":"follow","max-snippet":"max-snippet:-1","max-image-preview":"max-image-preview:large","max-video-preview":"max-video-preview:-1"},"canonical":"https:\/\/www.behome-mallorca.com\/de\/dienstleistungen\/inneneinrichtung\/","og_locale":"de_DE","og_type":"article","og_title":"Inneneinrichtung in Mallorca. Inmobilien Leistungen","og_description":"Bei BeHome Mallorca bem\u00fchen wir uns, eine personalisierte\u00a0Inneneinrichtung\u00a0zu kreieren, die m\u00f6glichst viele\u00a0W\u00fcnsche\u00a0unserer Kunden verwirklichen.","og_url":"https:\/\/www.behome-mallorca.com\/de\/dienstleistungen\/inneneinrichtung\/","og_site_name":"BeHome Mallorca","article_publisher":"https:\/\/www.facebook.com\/BeHomeMallorca","article_modified_time":"2021-03-07T12:14:55+00:00","og_image":[{"width":1440,"height":1080,"url":"https:\/\/www.behome-mallorca.com\/wp-content\/uploads\/2015\/11\/decoration.jpg","type":"image\/jpeg"}],"twitter_card":"summary_large_image","twitter_site":"@behomemallorca","schema":{"@context":"https:\/\/schema.org","@graph":[{"@type":"WebPage","@id":"https:\/\/www.behome-mallorca.com\/de\/dienstleistungen\/inneneinrichtung\/","url":"https:\/\/www.behome-mallorca.com\/de\/dienstleistungen\/inneneinrichtung\/","name":"Inneneinrichtung in Mallorca. Inmobilien Leistungen","isPartOf":{"@id":"https:\/\/www.behome-mallorca.com\/#website"},"primaryImageOfPage":{"@id":"https:\/\/www.behome-mallorca.com\/de\/dienstleistungen\/inneneinrichtung\/#primaryimage"},"image":{"@id":"https:\/\/www.behome-mallorca.com\/de\/dienstleistungen\/inneneinrichtung\/#primaryimage"},"thumbnailUrl":"https:\/\/www.behome-mallorca.com\/wp-content\/uploads\/2015\/11\/decoration.jpg","datePublished":"2015-11-24T18:59:16+00:00","dateModified":"2021-03-07T12:14:55+00:00","description":"Bei BeHome Mallorca bem\u00fchen wir uns, eine personalisierte\u00a0Inneneinrichtung\u00a0zu kreieren, die m\u00f6glichst viele\u00a0W\u00fcnsche\u00a0unserer Kunden verwirklichen.","breadcrumb":{"@id":"https:\/\/www.behome-mallorca.com\/de\/dienstleistungen\/inneneinrichtung\/#breadcrumb"},"inLanguage":"de","potentialAction":[{"@type":"ReadAction","target":["https:\/\/www.behome-mallorca.com\/de\/dienstleistungen\/inneneinrichtung\/"]}]},{"@type":"ImageObject","inLanguage":"de","@id":"https:\/\/www.behome-mallorca.com\/de\/dienstleistungen\/inneneinrichtung\/#primaryimage","url":"https:\/\/www.behome-mallorca.com\/wp-content\/uploads\/2015\/11\/decoration.jpg","contentUrl":"https:\/\/www.behome-mallorca.com\/wp-content\/uploads\/2015\/11\/decoration.jpg","width":1440,"height":1080,"caption":"Inneneinrichtung"},{"@type":"BreadcrumbList","@id":"https:\/\/www.behome-mallorca.com\/de\/dienstleistungen\/inneneinrichtung\/#breadcrumb","itemListElement":[{"@type":"ListItem","position":1,"name":"Home","item":"https:\/\/www.behome-mallorca.com\/de\/"},{"@type":"ListItem","position":2,"name":"Dienstleistungen","item":"https:\/\/www.behome-mallorca.com\/de\/dienstleistungen\/"},{"@type":"ListItem","position":3,"name":"Inneneinrichtung"}]},{"@type":"WebSite","@id":"https:\/\/www.behome-mallorca.com\/#website","url":"https:\/\/www.behome-mallorca.com\/","name":"BeHome Mallorca","description":"Houses to live in","publisher":{"@id":"https:\/\/www.behome-mallorca.com\/#organization"},"potentialAction":[{"@type":"SearchAction","target":{"@type":"EntryPoint","urlTemplate":"https:\/\/www.behome-mallorca.com\/?s={search_term_string}"},"query-input":{"@type":"PropertyValueSpecification","valueRequired":true,"valueName":"search_term_string"}}],"inLanguage":"de"},{"@type":"Organization","@id":"https:\/\/www.behome-mallorca.com\/#organization","name":"BeHome Mallorca","url":"https:\/\/www.behome-mallorca.com\/","logo":{"@type":"ImageObject","inLanguage":"de","@id":"https:\/\/www.behome-mallorca.com\/#\/schema\/logo\/image\/","url":"https:\/\/www.behome-mallorca.com\/wp-content\/uploads\/2021\/02\/logo-black-gold.svg","contentUrl":"https:\/\/www.behome-mallorca.com\/wp-content\/uploads\/2021\/02\/logo-black-gold.svg","caption":"BeHome Mallorca"},"image":{"@id":"https:\/\/www.behome-mallorca.com\/#\/schema\/logo\/image\/"},"sameAs":["https:\/\/www.facebook.com\/BeHomeMallorca","https:\/\/x.com\/behomemallorca"]}]}},"_links":{"self":[{"href":"https:\/\/www.behome-mallorca.com\/de\/wp-json\/wp\/v2\/pages\/507","targetHints":{"allow":["GET"]}}],"collection":[{"href":"https:\/\/www.behome-mallorca.com\/de\/wp-json\/wp\/v2\/pages"}],"about":[{"href":"https:\/\/www.behome-mallorca.com\/de\/wp-json\/wp\/v2\/types\/page"}],"author":[{"embeddable":true,"href":"https:\/\/www.behome-mallorca.com\/de\/wp-json\/wp\/v2\/users\/4"}],"replies":[{"embeddable":true,"href":"https:\/\/www.behome-mallorca.com\/de\/wp-json\/wp\/v2\/comments?post=507"}],"version-history":[{"count":0,"href":"https:\/\/www.behome-mallorca.com\/de\/wp-json\/wp\/v2\/pages\/507\/revisions"}],"up":[{"embeddable":true,"href":"https:\/\/www.behome-mallorca.com\/de\/wp-json\/wp\/v2\/pages\/502"}],"wp:featuredmedia":[{"embeddable":true,"href":"https:\/\/www.behome-mallorca.com\/de\/wp-json\/wp\/v2\/media\/7730"}],"wp:attachment":[{"href":"https:\/\/www.behome-mallorca.com\/de\/wp-json\/wp\/v2\/media?parent=507"}],"curies":[{"name":"wp","href":"https:\/\/api.w.org\/{rel}","templated":true}]}}