{"id":508,"date":"2015-11-24T19:58:39","date_gmt":"2015-11-24T18:58:39","guid":{"rendered":"https:\/\/www.behome-mallorca.com\/de\/services\/renovation\/"},"modified":"2021-02-26T18:17:52","modified_gmt":"2021-02-26T17:17:52","slug":"renovieren","status":"publish","type":"page","link":"https:\/\/www.behome-mallorca.com\/de\/dienstleistungen\/renovieren\/","title":{"rendered":"Renovieren"},"content":{"rendered":"<p>Erz\u00e4hlen Sie uns von Ihren Pl\u00e4nen und Vorhaben, damit wir die Arbeit realistisch einsch\u00e4tzen und die n\u00f6tigen <strong>Baugenehmigungen<\/strong> beantragen k\u00f6nnen.<strong> Wir helfen Ihnen<\/strong> auch dabei, ein Budget aufzustellen und <strong>Priorit\u00e4ten<\/strong> zu setzten, sodass wir die Arbeiten m\u00f6glichst kosteneffizient durchf\u00fchren k\u00f6nnen.<\/p>\n<p>Unser Team beginnt die Arbeit an Ihrem Haus sobald das konzeptuelle Design fertig ist. Wir halten Sie stets auf dem Laufenden und schlagen Ihnen <strong>Baumaterialen<\/strong> und Einrichtungen vor. <strong>Sie entscheiden \u00fcber jeden Aspekt Ihres Hauses<\/strong>.\u00a0 Auf Wunsch <strong>helfen wir Ihnen<\/strong> gerne bei der Auswahl von M\u00f6beln, Gartenausstattung und anderen Details.<\/p>\n","protected":false},"excerpt":{"rendered":"<p>Erz\u00e4hlen Sie uns von Ihren Pl\u00e4nen und Vorhaben, damit wir die Arbeit realistisch einsch\u00e4tzen und die n\u00f6tigen Baugenehmigungen beantragen k\u00f6nnen. Wir helfen Ihnen auch dabei, ein Budget aufzustellen und Priorit\u00e4ten zu setzten, sodass wir die Arbeiten m\u00f6glichst kosteneffizient durchf\u00fchren k\u00f6nnen. Unser Team beginnt die Arbeit an Ihrem Haus sobald das konzeptuelle Design fertig ist. Wir [&hellip;]<\/p>\n","protected":false},"author":4,"featured_media":7729,"parent":502,"menu_order":4300,"comment_status":"closed","ping_status":"closed","template":"","meta":{"_acf_changed":false,"footnotes":""},"class_list":["post-508","page","type-page","status-publish","has-post-thumbnail","hentry"],"acf":[],"yoast_head":"<!-- This site is optimized with the Yoast SEO plugin v26.4 - https:\/\/yoast.com\/wordpress\/plugins\/seo\/ -->\n<title>Haus renovieren - Immobilien in Mallorca<\/title>\n<meta name=\"description\" content=\"Bei BeHome Mallorca haben wir ein kompetentes Team, das Ihnen beim Renovieren Ihres Hauses hilft. Sie entscheiden \u00fcber jeden Aspekt Ihres Hauses.\" \/>\n<meta name=\"robots\" content=\"index, follow, max-snippet:-1, max-image-preview:large, max-video-preview:-1\" \/>\n<link rel=\"canonical\" href=\"https:\/\/www.behome-mallorca.com\/de\/dienstleistungen\/renovieren\/\" \/>\n<meta property=\"og:locale\" content=\"de_DE\" \/>\n<meta property=\"og:type\" content=\"article\" \/>\n<meta property=\"og:title\" content=\"Haus renovieren - Immobilien in Mallorca\" \/>\n<meta property=\"og:description\" content=\"Bei BeHome Mallorca haben wir ein kompetentes Team, das Ihnen beim Renovieren Ihres Hauses hilft. Sie entscheiden \u00fcber jeden Aspekt Ihres Hauses.\" \/>\n<meta property=\"og:url\" content=\"https:\/\/www.behome-mallorca.com\/de\/dienstleistungen\/renovieren\/\" \/>\n<meta property=\"og:site_name\" content=\"BeHome Mallorca\" \/>\n<meta property=\"article:publisher\" content=\"https:\/\/www.facebook.com\/BeHomeMallorca\" \/>\n<meta property=\"article:modified_time\" content=\"2021-02-26T17:17:52+00:00\" \/>\n<meta property=\"og:image\" content=\"https:\/\/www.behome-mallorca.com\/wp-content\/uploads\/2015\/11\/reforma.jpg\" \/>\n\t<meta property=\"og:image:width\" content=\"1440\" \/>\n\t<meta property=\"og:image:height\" content=\"878\" \/>\n\t<meta property=\"og:image:type\" content=\"image\/jpeg\" \/>\n<meta name=\"twitter:card\" content=\"summary_large_image\" \/>\n<meta name=\"twitter:site\" content=\"@behomemallorca\" \/>\n<meta name=\"twitter:label1\" content=\"Gesch\u00e4tzte Lesezeit\" \/>\n\t<meta name=\"twitter:data1\" content=\"1\u00a0Minute\" \/>\n<script type=\"application\/ld+json\" class=\"yoast-schema-graph\">{\"@context\":\"https:\/\/schema.org\",\"@graph\":[{\"@type\":\"WebPage\",\"@id\":\"https:\/\/www.behome-mallorca.com\/de\/dienstleistungen\/renovieren\/\",\"url\":\"https:\/\/www.behome-mallorca.com\/de\/dienstleistungen\/renovieren\/\",\"name\":\"Haus renovieren - Immobilien in Mallorca\",\"isPartOf\":{\"@id\":\"https:\/\/www.behome-mallorca.com\/#website\"},\"primaryImageOfPage\":{\"@id\":\"https:\/\/www.behome-mallorca.com\/de\/dienstleistungen\/renovieren\/#primaryimage\"},\"image\":{\"@id\":\"https:\/\/www.behome-mallorca.com\/de\/dienstleistungen\/renovieren\/#primaryimage\"},\"thumbnailUrl\":\"https:\/\/www.behome-mallorca.com\/wp-content\/uploads\/2015\/11\/reforma.jpg\",\"datePublished\":\"2015-11-24T18:58:39+00:00\",\"dateModified\":\"2021-02-26T17:17:52+00:00\",\"description\":\"Bei BeHome Mallorca haben wir ein kompetentes Team, das Ihnen beim Renovieren Ihres Hauses hilft. Sie entscheiden \u00fcber jeden Aspekt Ihres Hauses.\",\"breadcrumb\":{\"@id\":\"https:\/\/www.behome-mallorca.com\/de\/dienstleistungen\/renovieren\/#breadcrumb\"},\"inLanguage\":\"de\",\"potentialAction\":[{\"@type\":\"ReadAction\",\"target\":[\"https:\/\/www.behome-mallorca.com\/de\/dienstleistungen\/renovieren\/\"]}]},{\"@type\":\"ImageObject\",\"inLanguage\":\"de\",\"@id\":\"https:\/\/www.behome-mallorca.com\/de\/dienstleistungen\/renovieren\/#primaryimage\",\"url\":\"https:\/\/www.behome-mallorca.com\/wp-content\/uploads\/2015\/11\/reforma.jpg\",\"contentUrl\":\"https:\/\/www.behome-mallorca.com\/wp-content\/uploads\/2015\/11\/reforma.jpg\",\"width\":1440,\"height\":878,\"caption\":\"Renovieren\"},{\"@type\":\"BreadcrumbList\",\"@id\":\"https:\/\/www.behome-mallorca.com\/de\/dienstleistungen\/renovieren\/#breadcrumb\",\"itemListElement\":[{\"@type\":\"ListItem\",\"position\":1,\"name\":\"Home\",\"item\":\"https:\/\/www.behome-mallorca.com\/de\/\"},{\"@type\":\"ListItem\",\"position\":2,\"name\":\"Dienstleistungen\",\"item\":\"https:\/\/www.behome-mallorca.com\/de\/dienstleistungen\/\"},{\"@type\":\"ListItem\",\"position\":3,\"name\":\"Renovieren\"}]},{\"@type\":\"WebSite\",\"@id\":\"https:\/\/www.behome-mallorca.com\/#website\",\"url\":\"https:\/\/www.behome-mallorca.com\/\",\"name\":\"BeHome Mallorca\",\"description\":\"Houses to live in\",\"publisher\":{\"@id\":\"https:\/\/www.behome-mallorca.com\/#organization\"},\"potentialAction\":[{\"@type\":\"SearchAction\",\"target\":{\"@type\":\"EntryPoint\",\"urlTemplate\":\"https:\/\/www.behome-mallorca.com\/?s={search_term_string}\"},\"query-input\":{\"@type\":\"PropertyValueSpecification\",\"valueRequired\":true,\"valueName\":\"search_term_string\"}}],\"inLanguage\":\"de\"},{\"@type\":\"Organization\",\"@id\":\"https:\/\/www.behome-mallorca.com\/#organization\",\"name\":\"BeHome Mallorca\",\"url\":\"https:\/\/www.behome-mallorca.com\/\",\"logo\":{\"@type\":\"ImageObject\",\"inLanguage\":\"de\",\"@id\":\"https:\/\/www.behome-mallorca.com\/#\/schema\/logo\/image\/\",\"url\":\"https:\/\/www.behome-mallorca.com\/wp-content\/uploads\/2021\/02\/logo-black-gold.svg\",\"contentUrl\":\"https:\/\/www.behome-mallorca.com\/wp-content\/uploads\/2021\/02\/logo-black-gold.svg\",\"caption\":\"BeHome Mallorca\"},\"image\":{\"@id\":\"https:\/\/www.behome-mallorca.com\/#\/schema\/logo\/image\/\"},\"sameAs\":[\"https:\/\/www.facebook.com\/BeHomeMallorca\",\"https:\/\/x.com\/behomemallorca\"]}]}<\/script>\n<!-- \/ Yoast SEO plugin. -->","yoast_head_json":{"title":"Haus renovieren - Immobilien in Mallorca","description":"Bei BeHome Mallorca haben wir ein kompetentes Team, das Ihnen beim Renovieren Ihres Hauses hilft. Sie entscheiden \u00fcber jeden Aspekt Ihres Hauses.","robots":{"index":"index","follow":"follow","max-snippet":"max-snippet:-1","max-image-preview":"max-image-preview:large","max-video-preview":"max-video-preview:-1"},"canonical":"https:\/\/www.behome-mallorca.com\/de\/dienstleistungen\/renovieren\/","og_locale":"de_DE","og_type":"article","og_title":"Haus renovieren - Immobilien in Mallorca","og_description":"Bei BeHome Mallorca haben wir ein kompetentes Team, das Ihnen beim Renovieren Ihres Hauses hilft. Sie entscheiden \u00fcber jeden Aspekt Ihres Hauses.","og_url":"https:\/\/www.behome-mallorca.com\/de\/dienstleistungen\/renovieren\/","og_site_name":"BeHome Mallorca","article_publisher":"https:\/\/www.facebook.com\/BeHomeMallorca","article_modified_time":"2021-02-26T17:17:52+00:00","og_image":[{"width":1440,"height":878,"url":"https:\/\/www.behome-mallorca.com\/wp-content\/uploads\/2015\/11\/reforma.jpg","type":"image\/jpeg"}],"twitter_card":"summary_large_image","twitter_site":"@behomemallorca","twitter_misc":{"Gesch\u00e4tzte Lesezeit":"1\u00a0Minute"},"schema":{"@context":"https:\/\/schema.org","@graph":[{"@type":"WebPage","@id":"https:\/\/www.behome-mallorca.com\/de\/dienstleistungen\/renovieren\/","url":"https:\/\/www.behome-mallorca.com\/de\/dienstleistungen\/renovieren\/","name":"Haus renovieren - Immobilien in Mallorca","isPartOf":{"@id":"https:\/\/www.behome-mallorca.com\/#website"},"primaryImageOfPage":{"@id":"https:\/\/www.behome-mallorca.com\/de\/dienstleistungen\/renovieren\/#primaryimage"},"image":{"@id":"https:\/\/www.behome-mallorca.com\/de\/dienstleistungen\/renovieren\/#primaryimage"},"thumbnailUrl":"https:\/\/www.behome-mallorca.com\/wp-content\/uploads\/2015\/11\/reforma.jpg","datePublished":"2015-11-24T18:58:39+00:00","dateModified":"2021-02-26T17:17:52+00:00","description":"Bei BeHome Mallorca haben wir ein kompetentes Team, das Ihnen beim Renovieren Ihres Hauses hilft. Sie entscheiden \u00fcber jeden Aspekt Ihres Hauses.","breadcrumb":{"@id":"https:\/\/www.behome-mallorca.com\/de\/dienstleistungen\/renovieren\/#breadcrumb"},"inLanguage":"de","potentialAction":[{"@type":"ReadAction","target":["https:\/\/www.behome-mallorca.com\/de\/dienstleistungen\/renovieren\/"]}]},{"@type":"ImageObject","inLanguage":"de","@id":"https:\/\/www.behome-mallorca.com\/de\/dienstleistungen\/renovieren\/#primaryimage","url":"https:\/\/www.behome-mallorca.com\/wp-content\/uploads\/2015\/11\/reforma.jpg","contentUrl":"https:\/\/www.behome-mallorca.com\/wp-content\/uploads\/2015\/11\/reforma.jpg","width":1440,"height":878,"caption":"Renovieren"},{"@type":"BreadcrumbList","@id":"https:\/\/www.behome-mallorca.com\/de\/dienstleistungen\/renovieren\/#breadcrumb","itemListElement":[{"@type":"ListItem","position":1,"name":"Home","item":"https:\/\/www.behome-mallorca.com\/de\/"},{"@type":"ListItem","position":2,"name":"Dienstleistungen","item":"https:\/\/www.behome-mallorca.com\/de\/dienstleistungen\/"},{"@type":"ListItem","position":3,"name":"Renovieren"}]},{"@type":"WebSite","@id":"https:\/\/www.behome-mallorca.com\/#website","url":"https:\/\/www.behome-mallorca.com\/","name":"BeHome Mallorca","description":"Houses to live in","publisher":{"@id":"https:\/\/www.behome-mallorca.com\/#organization"},"potentialAction":[{"@type":"SearchAction","target":{"@type":"EntryPoint","urlTemplate":"https:\/\/www.behome-mallorca.com\/?s={search_term_string}"},"query-input":{"@type":"PropertyValueSpecification","valueRequired":true,"valueName":"search_term_string"}}],"inLanguage":"de"},{"@type":"Organization","@id":"https:\/\/www.behome-mallorca.com\/#organization","name":"BeHome Mallorca","url":"https:\/\/www.behome-mallorca.com\/","logo":{"@type":"ImageObject","inLanguage":"de","@id":"https:\/\/www.behome-mallorca.com\/#\/schema\/logo\/image\/","url":"https:\/\/www.behome-mallorca.com\/wp-content\/uploads\/2021\/02\/logo-black-gold.svg","contentUrl":"https:\/\/www.behome-mallorca.com\/wp-content\/uploads\/2021\/02\/logo-black-gold.svg","caption":"BeHome Mallorca"},"image":{"@id":"https:\/\/www.behome-mallorca.com\/#\/schema\/logo\/image\/"},"sameAs":["https:\/\/www.facebook.com\/BeHomeMallorca","https:\/\/x.com\/behomemallorca"]}]}},"_links":{"self":[{"href":"https:\/\/www.behome-mallorca.com\/de\/wp-json\/wp\/v2\/pages\/508","targetHints":{"allow":["GET"]}}],"collection":[{"href":"https:\/\/www.behome-mallorca.com\/de\/wp-json\/wp\/v2\/pages"}],"about":[{"href":"https:\/\/www.behome-mallorca.com\/de\/wp-json\/wp\/v2\/types\/page"}],"author":[{"embeddable":true,"href":"https:\/\/www.behome-mallorca.com\/de\/wp-json\/wp\/v2\/users\/4"}],"replies":[{"embeddable":true,"href":"https:\/\/www.behome-mallorca.com\/de\/wp-json\/wp\/v2\/comments?post=508"}],"version-history":[{"count":0,"href":"https:\/\/www.behome-mallorca.com\/de\/wp-json\/wp\/v2\/pages\/508\/revisions"}],"up":[{"embeddable":true,"href":"https:\/\/www.behome-mallorca.com\/de\/wp-json\/wp\/v2\/pages\/502"}],"wp:featuredmedia":[{"embeddable":true,"href":"https:\/\/www.behome-mallorca.com\/de\/wp-json\/wp\/v2\/media\/7729"}],"wp:attachment":[{"href":"https:\/\/www.behome-mallorca.com\/de\/wp-json\/wp\/v2\/media?parent=508"}],"curies":[{"name":"wp","href":"https:\/\/api.w.org\/{rel}","templated":true}]}}