{"id":509,"date":"2015-11-24T19:56:57","date_gmt":"2015-11-24T18:56:57","guid":{"rendered":"https:\/\/www.behome-mallorca.com\/de\/services\/buy-sell\/"},"modified":"2021-02-26T18:18:28","modified_gmt":"2021-02-26T17:18:28","slug":"kaufen-und-verkaufen","status":"publish","type":"page","link":"https:\/\/www.behome-mallorca.com\/de\/dienstleistungen\/kaufen-und-verkaufen\/","title":{"rendered":"Kaufen und Verkaufen"},"content":{"rendered":"<h2>Ein Haus kaufen auf\u00a0Mallorca<\/h2>\n<p>Bei uns finden Sie nicht nur eine gro\u00dfe Auswahl an Immobilien, die zum Kaufen bereit stehen, sondern vor allem eine <strong>pers\u00f6nliche und kundenorientierte Beratung<\/strong>. Wenn Sie an einem Hauskauf interessiert sind, fragen Sie uns! Sie bekommen von uns wertvolle Informationen und <strong>Beratung<\/strong> in diversen Fragen, von \u201ewelche ist die beste Region f\u00fcr Sie\u201c bis zur <strong>Werteinsch\u00e4tzung eines Hauses<\/strong>, sodass Sie bei Ihrer Suche gut informiert sind oder z.B. <strong>Kontakt zu Privateignern<\/strong> herstellen k\u00f6nnen, die ihre Immobilien nicht \u00f6ffentlich verkaufen m\u00f6chten.<\/p>\n<p><a href=\"https:\/\/www.behome-mallorca.com\/de\/immobilien-zum-verkauf\/\">U<\/a><a href=\"https:\/\/www.behome-mallorca.com\/de\/immobilien-zum-verkauf\/\">nsere Ha\u00fcser zu verkaufen\u00a0<\/a><\/p>\n<h2>Ein Haus verkaufen auf\u00a0Mallorca<\/h2>\n<p>Eine Immobilie zu verkaufen ist viel Arbeit und braucht Geduld. Lassen Sie sich von uns helfen! <strong>Wir haben das Know-how<\/strong> und das professionelle Team, um gute Fotos und Videos von Ihrer Immobilie zu fertigen, den Wert Ihrer Immobilie einzusch\u00e4tzen, ggf. kleine Verbesserungen durchzuf\u00fchren, die den Wert Ihrer Immobilie steigern k\u00f6nnen, und Sie auf dem ganzen Weg zu begleiten. <strong>Wir pr\u00e4sentieren Ihr Haus auf unserer Webseite und zeigen es den potentiellen K\u00e4ufern.<\/strong><\/p>\n<h3><\/h3>\n","protected":false},"excerpt":{"rendered":"<p>Ein Haus kaufen auf\u00a0Mallorca Bei uns finden Sie nicht nur eine gro\u00dfe Auswahl an Immobilien, die zum Kaufen bereit stehen, sondern vor allem eine pers\u00f6nliche und kundenorientierte Beratung. Wenn Sie an einem Hauskauf interessiert sind, fragen Sie uns! Sie bekommen von uns wertvolle Informationen und Beratung in diversen Fragen, von \u201ewelche ist die beste Region [&hellip;]<\/p>\n","protected":false},"author":4,"featured_media":368,"parent":502,"menu_order":4400,"comment_status":"closed","ping_status":"closed","template":"","meta":{"_acf_changed":false,"footnotes":""},"class_list":["post-509","page","type-page","status-publish","has-post-thumbnail","hentry"],"acf":[],"yoast_head":"<!-- This site is optimized with the Yoast SEO plugin v26.4 - https:\/\/yoast.com\/wordpress\/plugins\/seo\/ -->\n<title>Immobilien kaufen und verkaufen im S\u00fcdosten Mallorcas - beHome Mallorca<\/title>\n<meta name=\"description\" content=\"Kaufen und verkaufen. Bei uns finden Sie nicht nur eine Auswahl an Immobilien in Mallorca, sondern vor allem eine\u00a0pers\u00f6nliche und kundenorientierte Beratung\" \/>\n<meta name=\"robots\" content=\"index, follow, max-snippet:-1, max-image-preview:large, max-video-preview:-1\" \/>\n<link rel=\"canonical\" href=\"https:\/\/www.behome-mallorca.com\/de\/dienstleistungen\/kaufen-und-verkaufen\/\" \/>\n<meta property=\"og:locale\" content=\"de_DE\" \/>\n<meta property=\"og:type\" content=\"article\" \/>\n<meta property=\"og:title\" content=\"Immobilien kaufen und verkaufen im S\u00fcdosten Mallorcas - beHome Mallorca\" \/>\n<meta property=\"og:description\" content=\"Kaufen und verkaufen. Bei uns finden Sie nicht nur eine Auswahl an Immobilien in Mallorca, sondern vor allem eine\u00a0pers\u00f6nliche und kundenorientierte Beratung\" \/>\n<meta property=\"og:url\" content=\"https:\/\/www.behome-mallorca.com\/de\/dienstleistungen\/kaufen-und-verkaufen\/\" \/>\n<meta property=\"og:site_name\" content=\"BeHome Mallorca\" \/>\n<meta property=\"article:publisher\" content=\"https:\/\/www.facebook.com\/BeHomeMallorca\" \/>\n<meta property=\"article:modified_time\" content=\"2021-02-26T17:18:28+00:00\" \/>\n<meta property=\"og:image\" content=\"https:\/\/www.behome-mallorca.com\/wp-content\/uploads\/2015\/11\/behome-mallorca-buy-and-sell.jpg\" \/>\n\t<meta property=\"og:image:width\" content=\"1440\" \/>\n\t<meta property=\"og:image:height\" content=\"800\" \/>\n\t<meta property=\"og:image:type\" content=\"image\/jpeg\" \/>\n<meta name=\"twitter:card\" content=\"summary_large_image\" \/>\n<meta name=\"twitter:site\" content=\"@behomemallorca\" \/>\n<meta name=\"twitter:label1\" content=\"Gesch\u00e4tzte Lesezeit\" \/>\n\t<meta name=\"twitter:data1\" content=\"1\u00a0Minute\" \/>\n<script type=\"application\/ld+json\" class=\"yoast-schema-graph\">{\"@context\":\"https:\/\/schema.org\",\"@graph\":[{\"@type\":\"WebPage\",\"@id\":\"https:\/\/www.behome-mallorca.com\/de\/dienstleistungen\/kaufen-und-verkaufen\/\",\"url\":\"https:\/\/www.behome-mallorca.com\/de\/dienstleistungen\/kaufen-und-verkaufen\/\",\"name\":\"Immobilien kaufen und verkaufen im S\u00fcdosten Mallorcas - beHome Mallorca\",\"isPartOf\":{\"@id\":\"https:\/\/www.behome-mallorca.com\/#website\"},\"primaryImageOfPage\":{\"@id\":\"https:\/\/www.behome-mallorca.com\/de\/dienstleistungen\/kaufen-und-verkaufen\/#primaryimage\"},\"image\":{\"@id\":\"https:\/\/www.behome-mallorca.com\/de\/dienstleistungen\/kaufen-und-verkaufen\/#primaryimage\"},\"thumbnailUrl\":\"https:\/\/www.behome-mallorca.com\/wp-content\/uploads\/2015\/11\/behome-mallorca-buy-and-sell.jpg\",\"datePublished\":\"2015-11-24T18:56:57+00:00\",\"dateModified\":\"2021-02-26T17:18:28+00:00\",\"description\":\"Kaufen und verkaufen. Bei uns finden Sie nicht nur eine Auswahl an Immobilien in Mallorca, sondern vor allem eine\u00a0pers\u00f6nliche und kundenorientierte Beratung\",\"breadcrumb\":{\"@id\":\"https:\/\/www.behome-mallorca.com\/de\/dienstleistungen\/kaufen-und-verkaufen\/#breadcrumb\"},\"inLanguage\":\"de\",\"potentialAction\":[{\"@type\":\"ReadAction\",\"target\":[\"https:\/\/www.behome-mallorca.com\/de\/dienstleistungen\/kaufen-und-verkaufen\/\"]}]},{\"@type\":\"ImageObject\",\"inLanguage\":\"de\",\"@id\":\"https:\/\/www.behome-mallorca.com\/de\/dienstleistungen\/kaufen-und-verkaufen\/#primaryimage\",\"url\":\"https:\/\/www.behome-mallorca.com\/wp-content\/uploads\/2015\/11\/behome-mallorca-buy-and-sell.jpg\",\"contentUrl\":\"https:\/\/www.behome-mallorca.com\/wp-content\/uploads\/2015\/11\/behome-mallorca-buy-and-sell.jpg\",\"width\":1440,\"height\":800,\"caption\":\"Kaufen und Verkaufen\"},{\"@type\":\"BreadcrumbList\",\"@id\":\"https:\/\/www.behome-mallorca.com\/de\/dienstleistungen\/kaufen-und-verkaufen\/#breadcrumb\",\"itemListElement\":[{\"@type\":\"ListItem\",\"position\":1,\"name\":\"Home\",\"item\":\"https:\/\/www.behome-mallorca.com\/de\/\"},{\"@type\":\"ListItem\",\"position\":2,\"name\":\"Dienstleistungen\",\"item\":\"https:\/\/www.behome-mallorca.com\/de\/dienstleistungen\/\"},{\"@type\":\"ListItem\",\"position\":3,\"name\":\"Kaufen und Verkaufen\"}]},{\"@type\":\"WebSite\",\"@id\":\"https:\/\/www.behome-mallorca.com\/#website\",\"url\":\"https:\/\/www.behome-mallorca.com\/\",\"name\":\"BeHome Mallorca\",\"description\":\"Houses to live in\",\"publisher\":{\"@id\":\"https:\/\/www.behome-mallorca.com\/#organization\"},\"potentialAction\":[{\"@type\":\"SearchAction\",\"target\":{\"@type\":\"EntryPoint\",\"urlTemplate\":\"https:\/\/www.behome-mallorca.com\/?s={search_term_string}\"},\"query-input\":{\"@type\":\"PropertyValueSpecification\",\"valueRequired\":true,\"valueName\":\"search_term_string\"}}],\"inLanguage\":\"de\"},{\"@type\":\"Organization\",\"@id\":\"https:\/\/www.behome-mallorca.com\/#organization\",\"name\":\"BeHome Mallorca\",\"url\":\"https:\/\/www.behome-mallorca.com\/\",\"logo\":{\"@type\":\"ImageObject\",\"inLanguage\":\"de\",\"@id\":\"https:\/\/www.behome-mallorca.com\/#\/schema\/logo\/image\/\",\"url\":\"https:\/\/www.behome-mallorca.com\/wp-content\/uploads\/2021\/02\/logo-black-gold.svg\",\"contentUrl\":\"https:\/\/www.behome-mallorca.com\/wp-content\/uploads\/2021\/02\/logo-black-gold.svg\",\"caption\":\"BeHome Mallorca\"},\"image\":{\"@id\":\"https:\/\/www.behome-mallorca.com\/#\/schema\/logo\/image\/\"},\"sameAs\":[\"https:\/\/www.facebook.com\/BeHomeMallorca\",\"https:\/\/x.com\/behomemallorca\"]}]}<\/script>\n<!-- \/ Yoast SEO plugin. -->","yoast_head_json":{"title":"Immobilien kaufen und verkaufen im S\u00fcdosten Mallorcas - beHome Mallorca","description":"Kaufen und verkaufen. Bei uns finden Sie nicht nur eine Auswahl an Immobilien in Mallorca, sondern vor allem eine\u00a0pers\u00f6nliche und kundenorientierte Beratung","robots":{"index":"index","follow":"follow","max-snippet":"max-snippet:-1","max-image-preview":"max-image-preview:large","max-video-preview":"max-video-preview:-1"},"canonical":"https:\/\/www.behome-mallorca.com\/de\/dienstleistungen\/kaufen-und-verkaufen\/","og_locale":"de_DE","og_type":"article","og_title":"Immobilien kaufen und verkaufen im S\u00fcdosten Mallorcas - beHome Mallorca","og_description":"Kaufen und verkaufen. Bei uns finden Sie nicht nur eine Auswahl an Immobilien in Mallorca, sondern vor allem eine\u00a0pers\u00f6nliche und kundenorientierte Beratung","og_url":"https:\/\/www.behome-mallorca.com\/de\/dienstleistungen\/kaufen-und-verkaufen\/","og_site_name":"BeHome Mallorca","article_publisher":"https:\/\/www.facebook.com\/BeHomeMallorca","article_modified_time":"2021-02-26T17:18:28+00:00","og_image":[{"width":1440,"height":800,"url":"https:\/\/www.behome-mallorca.com\/wp-content\/uploads\/2015\/11\/behome-mallorca-buy-and-sell.jpg","type":"image\/jpeg"}],"twitter_card":"summary_large_image","twitter_site":"@behomemallorca","twitter_misc":{"Gesch\u00e4tzte Lesezeit":"1\u00a0Minute"},"schema":{"@context":"https:\/\/schema.org","@graph":[{"@type":"WebPage","@id":"https:\/\/www.behome-mallorca.com\/de\/dienstleistungen\/kaufen-und-verkaufen\/","url":"https:\/\/www.behome-mallorca.com\/de\/dienstleistungen\/kaufen-und-verkaufen\/","name":"Immobilien kaufen und verkaufen im S\u00fcdosten Mallorcas - beHome Mallorca","isPartOf":{"@id":"https:\/\/www.behome-mallorca.com\/#website"},"primaryImageOfPage":{"@id":"https:\/\/www.behome-mallorca.com\/de\/dienstleistungen\/kaufen-und-verkaufen\/#primaryimage"},"image":{"@id":"https:\/\/www.behome-mallorca.com\/de\/dienstleistungen\/kaufen-und-verkaufen\/#primaryimage"},"thumbnailUrl":"https:\/\/www.behome-mallorca.com\/wp-content\/uploads\/2015\/11\/behome-mallorca-buy-and-sell.jpg","datePublished":"2015-11-24T18:56:57+00:00","dateModified":"2021-02-26T17:18:28+00:00","description":"Kaufen und verkaufen. Bei uns finden Sie nicht nur eine Auswahl an Immobilien in Mallorca, sondern vor allem eine\u00a0pers\u00f6nliche und kundenorientierte Beratung","breadcrumb":{"@id":"https:\/\/www.behome-mallorca.com\/de\/dienstleistungen\/kaufen-und-verkaufen\/#breadcrumb"},"inLanguage":"de","potentialAction":[{"@type":"ReadAction","target":["https:\/\/www.behome-mallorca.com\/de\/dienstleistungen\/kaufen-und-verkaufen\/"]}]},{"@type":"ImageObject","inLanguage":"de","@id":"https:\/\/www.behome-mallorca.com\/de\/dienstleistungen\/kaufen-und-verkaufen\/#primaryimage","url":"https:\/\/www.behome-mallorca.com\/wp-content\/uploads\/2015\/11\/behome-mallorca-buy-and-sell.jpg","contentUrl":"https:\/\/www.behome-mallorca.com\/wp-content\/uploads\/2015\/11\/behome-mallorca-buy-and-sell.jpg","width":1440,"height":800,"caption":"Kaufen und Verkaufen"},{"@type":"BreadcrumbList","@id":"https:\/\/www.behome-mallorca.com\/de\/dienstleistungen\/kaufen-und-verkaufen\/#breadcrumb","itemListElement":[{"@type":"ListItem","position":1,"name":"Home","item":"https:\/\/www.behome-mallorca.com\/de\/"},{"@type":"ListItem","position":2,"name":"Dienstleistungen","item":"https:\/\/www.behome-mallorca.com\/de\/dienstleistungen\/"},{"@type":"ListItem","position":3,"name":"Kaufen und Verkaufen"}]},{"@type":"WebSite","@id":"https:\/\/www.behome-mallorca.com\/#website","url":"https:\/\/www.behome-mallorca.com\/","name":"BeHome Mallorca","description":"Houses to live in","publisher":{"@id":"https:\/\/www.behome-mallorca.com\/#organization"},"potentialAction":[{"@type":"SearchAction","target":{"@type":"EntryPoint","urlTemplate":"https:\/\/www.behome-mallorca.com\/?s={search_term_string}"},"query-input":{"@type":"PropertyValueSpecification","valueRequired":true,"valueName":"search_term_string"}}],"inLanguage":"de"},{"@type":"Organization","@id":"https:\/\/www.behome-mallorca.com\/#organization","name":"BeHome Mallorca","url":"https:\/\/www.behome-mallorca.com\/","logo":{"@type":"ImageObject","inLanguage":"de","@id":"https:\/\/www.behome-mallorca.com\/#\/schema\/logo\/image\/","url":"https:\/\/www.behome-mallorca.com\/wp-content\/uploads\/2021\/02\/logo-black-gold.svg","contentUrl":"https:\/\/www.behome-mallorca.com\/wp-content\/uploads\/2021\/02\/logo-black-gold.svg","caption":"BeHome Mallorca"},"image":{"@id":"https:\/\/www.behome-mallorca.com\/#\/schema\/logo\/image\/"},"sameAs":["https:\/\/www.facebook.com\/BeHomeMallorca","https:\/\/x.com\/behomemallorca"]}]}},"_links":{"self":[{"href":"https:\/\/www.behome-mallorca.com\/de\/wp-json\/wp\/v2\/pages\/509","targetHints":{"allow":["GET"]}}],"collection":[{"href":"https:\/\/www.behome-mallorca.com\/de\/wp-json\/wp\/v2\/pages"}],"about":[{"href":"https:\/\/www.behome-mallorca.com\/de\/wp-json\/wp\/v2\/types\/page"}],"author":[{"embeddable":true,"href":"https:\/\/www.behome-mallorca.com\/de\/wp-json\/wp\/v2\/users\/4"}],"replies":[{"embeddable":true,"href":"https:\/\/www.behome-mallorca.com\/de\/wp-json\/wp\/v2\/comments?post=509"}],"version-history":[{"count":0,"href":"https:\/\/www.behome-mallorca.com\/de\/wp-json\/wp\/v2\/pages\/509\/revisions"}],"up":[{"embeddable":true,"href":"https:\/\/www.behome-mallorca.com\/de\/wp-json\/wp\/v2\/pages\/502"}],"wp:featuredmedia":[{"embeddable":true,"href":"https:\/\/www.behome-mallorca.com\/de\/wp-json\/wp\/v2\/media\/368"}],"wp:attachment":[{"href":"https:\/\/www.behome-mallorca.com\/de\/wp-json\/wp\/v2\/media?parent=509"}],"curies":[{"name":"wp","href":"https:\/\/api.w.org\/{rel}","templated":true}]}}