{"id":517,"date":"2015-11-24T19:23:34","date_gmt":"2015-11-24T18:23:34","guid":{"rendered":"https:\/\/www.behome-mallorca.com\/de\/the-building-process\/"},"modified":"2021-02-26T18:13:36","modified_gmt":"2021-02-26T17:13:36","slug":"der-bauprozess","status":"publish","type":"page","link":"https:\/\/www.behome-mallorca.com\/de\/der-bauprozess\/","title":{"rendered":"Der Bauprozess"},"content":{"rendered":"","protected":false},"excerpt":{"rendered":"","protected":false},"author":4,"featured_media":364,"parent":0,"menu_order":3200,"comment_status":"closed","ping_status":"closed","template":"page-with-children.php","meta":{"_acf_changed":false,"footnotes":""},"class_list":["post-517","page","type-page","status-publish","has-post-thumbnail","hentry"],"acf":[],"yoast_head":"<!-- This site is optimized with the Yoast SEO plugin v26.4 - https:\/\/yoast.com\/wordpress\/plugins\/seo\/ -->\n<title>Wie l\u00e4uft der Bauprozess in Mallorca \u00a0bei einem Haus ab\u00a0<\/title>\n<meta name=\"description\" content=\"BeHome k\u00fcmmert sich um den gesamten Bauprozess in Mallorca und informiert Sie stets \u00fcber den Fortschritt, sodass Sie sich entspannt zur\u00fccklehnen...\" \/>\n<meta name=\"robots\" content=\"index, follow, max-snippet:-1, max-image-preview:large, max-video-preview:-1\" \/>\n<link rel=\"canonical\" href=\"https:\/\/www.behome-mallorca.com\/de\/der-bauprozess\/\" \/>\n<meta property=\"og:locale\" content=\"de_DE\" \/>\n<meta property=\"og:type\" content=\"article\" \/>\n<meta property=\"og:title\" content=\"Wie l\u00e4uft der Bauprozess in Mallorca \u00a0bei einem Haus ab\u00a0\" \/>\n<meta property=\"og:description\" content=\"BeHome k\u00fcmmert sich um den gesamten Bauprozess in Mallorca und informiert Sie stets \u00fcber den Fortschritt, sodass Sie sich entspannt zur\u00fccklehnen...\" \/>\n<meta property=\"og:url\" content=\"https:\/\/www.behome-mallorca.com\/de\/der-bauprozess\/\" \/>\n<meta property=\"og:site_name\" content=\"BeHome Mallorca\" \/>\n<meta property=\"article:publisher\" content=\"https:\/\/www.facebook.com\/BeHomeMallorca\" \/>\n<meta property=\"article:modified_time\" content=\"2021-02-26T17:13:36+00:00\" \/>\n<meta property=\"og:image\" content=\"https:\/\/www.behome-mallorca.com\/wp-content\/uploads\/2015\/11\/behome-mallorca-building-process.jpg\" \/>\n\t<meta property=\"og:image:width\" content=\"1440\" \/>\n\t<meta property=\"og:image:height\" content=\"800\" \/>\n\t<meta property=\"og:image:type\" content=\"image\/jpeg\" \/>\n<meta name=\"twitter:card\" content=\"summary_large_image\" \/>\n<meta name=\"twitter:site\" content=\"@behomemallorca\" \/>\n<script type=\"application\/ld+json\" class=\"yoast-schema-graph\">{\"@context\":\"https:\/\/schema.org\",\"@graph\":[{\"@type\":\"WebPage\",\"@id\":\"https:\/\/www.behome-mallorca.com\/de\/der-bauprozess\/\",\"url\":\"https:\/\/www.behome-mallorca.com\/de\/der-bauprozess\/\",\"name\":\"Wie l\u00e4uft der Bauprozess in Mallorca \u00a0bei einem Haus ab\u00a0\",\"isPartOf\":{\"@id\":\"https:\/\/www.behome-mallorca.com\/#website\"},\"primaryImageOfPage\":{\"@id\":\"https:\/\/www.behome-mallorca.com\/de\/der-bauprozess\/#primaryimage\"},\"image\":{\"@id\":\"https:\/\/www.behome-mallorca.com\/de\/der-bauprozess\/#primaryimage\"},\"thumbnailUrl\":\"https:\/\/www.behome-mallorca.com\/wp-content\/uploads\/2015\/11\/behome-mallorca-building-process.jpg\",\"datePublished\":\"2015-11-24T18:23:34+00:00\",\"dateModified\":\"2021-02-26T17:13:36+00:00\",\"description\":\"BeHome k\u00fcmmert sich um den gesamten Bauprozess in Mallorca und informiert Sie stets \u00fcber den Fortschritt, sodass Sie sich entspannt zur\u00fccklehnen...\",\"breadcrumb\":{\"@id\":\"https:\/\/www.behome-mallorca.com\/de\/der-bauprozess\/#breadcrumb\"},\"inLanguage\":\"de\",\"potentialAction\":[{\"@type\":\"ReadAction\",\"target\":[\"https:\/\/www.behome-mallorca.com\/de\/der-bauprozess\/\"]}]},{\"@type\":\"ImageObject\",\"inLanguage\":\"de\",\"@id\":\"https:\/\/www.behome-mallorca.com\/de\/der-bauprozess\/#primaryimage\",\"url\":\"https:\/\/www.behome-mallorca.com\/wp-content\/uploads\/2015\/11\/behome-mallorca-building-process.jpg\",\"contentUrl\":\"https:\/\/www.behome-mallorca.com\/wp-content\/uploads\/2015\/11\/behome-mallorca-building-process.jpg\",\"width\":1440,\"height\":800,\"caption\":\"How to bui a house on your own in Majorca\"},{\"@type\":\"BreadcrumbList\",\"@id\":\"https:\/\/www.behome-mallorca.com\/de\/der-bauprozess\/#breadcrumb\",\"itemListElement\":[{\"@type\":\"ListItem\",\"position\":1,\"name\":\"Home\",\"item\":\"https:\/\/www.behome-mallorca.com\/de\/\"},{\"@type\":\"ListItem\",\"position\":2,\"name\":\"Der Bauprozess\"}]},{\"@type\":\"WebSite\",\"@id\":\"https:\/\/www.behome-mallorca.com\/#website\",\"url\":\"https:\/\/www.behome-mallorca.com\/\",\"name\":\"BeHome Mallorca\",\"description\":\"Houses to live in\",\"publisher\":{\"@id\":\"https:\/\/www.behome-mallorca.com\/#organization\"},\"potentialAction\":[{\"@type\":\"SearchAction\",\"target\":{\"@type\":\"EntryPoint\",\"urlTemplate\":\"https:\/\/www.behome-mallorca.com\/?s={search_term_string}\"},\"query-input\":{\"@type\":\"PropertyValueSpecification\",\"valueRequired\":true,\"valueName\":\"search_term_string\"}}],\"inLanguage\":\"de\"},{\"@type\":\"Organization\",\"@id\":\"https:\/\/www.behome-mallorca.com\/#organization\",\"name\":\"BeHome Mallorca\",\"url\":\"https:\/\/www.behome-mallorca.com\/\",\"logo\":{\"@type\":\"ImageObject\",\"inLanguage\":\"de\",\"@id\":\"https:\/\/www.behome-mallorca.com\/#\/schema\/logo\/image\/\",\"url\":\"https:\/\/www.behome-mallorca.com\/wp-content\/uploads\/2021\/02\/logo-black-gold.svg\",\"contentUrl\":\"https:\/\/www.behome-mallorca.com\/wp-content\/uploads\/2021\/02\/logo-black-gold.svg\",\"caption\":\"BeHome Mallorca\"},\"image\":{\"@id\":\"https:\/\/www.behome-mallorca.com\/#\/schema\/logo\/image\/\"},\"sameAs\":[\"https:\/\/www.facebook.com\/BeHomeMallorca\",\"https:\/\/x.com\/behomemallorca\"]}]}<\/script>\n<!-- \/ Yoast SEO plugin. -->","yoast_head_json":{"title":"Wie l\u00e4uft der Bauprozess in Mallorca \u00a0bei einem Haus ab\u00a0","description":"BeHome k\u00fcmmert sich um den gesamten Bauprozess in Mallorca und informiert Sie stets \u00fcber den Fortschritt, sodass Sie sich entspannt zur\u00fccklehnen...","robots":{"index":"index","follow":"follow","max-snippet":"max-snippet:-1","max-image-preview":"max-image-preview:large","max-video-preview":"max-video-preview:-1"},"canonical":"https:\/\/www.behome-mallorca.com\/de\/der-bauprozess\/","og_locale":"de_DE","og_type":"article","og_title":"Wie l\u00e4uft der Bauprozess in Mallorca \u00a0bei einem Haus ab\u00a0","og_description":"BeHome k\u00fcmmert sich um den gesamten Bauprozess in Mallorca und informiert Sie stets \u00fcber den Fortschritt, sodass Sie sich entspannt zur\u00fccklehnen...","og_url":"https:\/\/www.behome-mallorca.com\/de\/der-bauprozess\/","og_site_name":"BeHome Mallorca","article_publisher":"https:\/\/www.facebook.com\/BeHomeMallorca","article_modified_time":"2021-02-26T17:13:36+00:00","og_image":[{"width":1440,"height":800,"url":"https:\/\/www.behome-mallorca.com\/wp-content\/uploads\/2015\/11\/behome-mallorca-building-process.jpg","type":"image\/jpeg"}],"twitter_card":"summary_large_image","twitter_site":"@behomemallorca","schema":{"@context":"https:\/\/schema.org","@graph":[{"@type":"WebPage","@id":"https:\/\/www.behome-mallorca.com\/de\/der-bauprozess\/","url":"https:\/\/www.behome-mallorca.com\/de\/der-bauprozess\/","name":"Wie l\u00e4uft der Bauprozess in Mallorca \u00a0bei einem Haus ab\u00a0","isPartOf":{"@id":"https:\/\/www.behome-mallorca.com\/#website"},"primaryImageOfPage":{"@id":"https:\/\/www.behome-mallorca.com\/de\/der-bauprozess\/#primaryimage"},"image":{"@id":"https:\/\/www.behome-mallorca.com\/de\/der-bauprozess\/#primaryimage"},"thumbnailUrl":"https:\/\/www.behome-mallorca.com\/wp-content\/uploads\/2015\/11\/behome-mallorca-building-process.jpg","datePublished":"2015-11-24T18:23:34+00:00","dateModified":"2021-02-26T17:13:36+00:00","description":"BeHome k\u00fcmmert sich um den gesamten Bauprozess in Mallorca und informiert Sie stets \u00fcber den Fortschritt, sodass Sie sich entspannt zur\u00fccklehnen...","breadcrumb":{"@id":"https:\/\/www.behome-mallorca.com\/de\/der-bauprozess\/#breadcrumb"},"inLanguage":"de","potentialAction":[{"@type":"ReadAction","target":["https:\/\/www.behome-mallorca.com\/de\/der-bauprozess\/"]}]},{"@type":"ImageObject","inLanguage":"de","@id":"https:\/\/www.behome-mallorca.com\/de\/der-bauprozess\/#primaryimage","url":"https:\/\/www.behome-mallorca.com\/wp-content\/uploads\/2015\/11\/behome-mallorca-building-process.jpg","contentUrl":"https:\/\/www.behome-mallorca.com\/wp-content\/uploads\/2015\/11\/behome-mallorca-building-process.jpg","width":1440,"height":800,"caption":"How to bui a house on your own in Majorca"},{"@type":"BreadcrumbList","@id":"https:\/\/www.behome-mallorca.com\/de\/der-bauprozess\/#breadcrumb","itemListElement":[{"@type":"ListItem","position":1,"name":"Home","item":"https:\/\/www.behome-mallorca.com\/de\/"},{"@type":"ListItem","position":2,"name":"Der Bauprozess"}]},{"@type":"WebSite","@id":"https:\/\/www.behome-mallorca.com\/#website","url":"https:\/\/www.behome-mallorca.com\/","name":"BeHome Mallorca","description":"Houses to live in","publisher":{"@id":"https:\/\/www.behome-mallorca.com\/#organization"},"potentialAction":[{"@type":"SearchAction","target":{"@type":"EntryPoint","urlTemplate":"https:\/\/www.behome-mallorca.com\/?s={search_term_string}"},"query-input":{"@type":"PropertyValueSpecification","valueRequired":true,"valueName":"search_term_string"}}],"inLanguage":"de"},{"@type":"Organization","@id":"https:\/\/www.behome-mallorca.com\/#organization","name":"BeHome Mallorca","url":"https:\/\/www.behome-mallorca.com\/","logo":{"@type":"ImageObject","inLanguage":"de","@id":"https:\/\/www.behome-mallorca.com\/#\/schema\/logo\/image\/","url":"https:\/\/www.behome-mallorca.com\/wp-content\/uploads\/2021\/02\/logo-black-gold.svg","contentUrl":"https:\/\/www.behome-mallorca.com\/wp-content\/uploads\/2021\/02\/logo-black-gold.svg","caption":"BeHome Mallorca"},"image":{"@id":"https:\/\/www.behome-mallorca.com\/#\/schema\/logo\/image\/"},"sameAs":["https:\/\/www.facebook.com\/BeHomeMallorca","https:\/\/x.com\/behomemallorca"]}]}},"_links":{"self":[{"href":"https:\/\/www.behome-mallorca.com\/de\/wp-json\/wp\/v2\/pages\/517","targetHints":{"allow":["GET"]}}],"collection":[{"href":"https:\/\/www.behome-mallorca.com\/de\/wp-json\/wp\/v2\/pages"}],"about":[{"href":"https:\/\/www.behome-mallorca.com\/de\/wp-json\/wp\/v2\/types\/page"}],"author":[{"embeddable":true,"href":"https:\/\/www.behome-mallorca.com\/de\/wp-json\/wp\/v2\/users\/4"}],"replies":[{"embeddable":true,"href":"https:\/\/www.behome-mallorca.com\/de\/wp-json\/wp\/v2\/comments?post=517"}],"version-history":[{"count":0,"href":"https:\/\/www.behome-mallorca.com\/de\/wp-json\/wp\/v2\/pages\/517\/revisions"}],"wp:featuredmedia":[{"embeddable":true,"href":"https:\/\/www.behome-mallorca.com\/de\/wp-json\/wp\/v2\/media\/364"}],"wp:attachment":[{"href":"https:\/\/www.behome-mallorca.com\/de\/wp-json\/wp\/v2\/media?parent=517"}],"curies":[{"name":"wp","href":"https:\/\/api.w.org\/{rel}","templated":true}]}}