{"id":8074,"date":"2017-06-01T12:21:06","date_gmt":"2017-06-01T10:21:06","guid":{"rendered":"https:\/\/www.behome-mallorca.com\/es\/spanisch-services\/spanisch-maintenance-of-villas-majorca\/"},"modified":"2021-02-26T17:50:47","modified_gmt":"2021-02-26T16:50:47","slug":"mantenimiento","status":"publish","type":"page","link":"https:\/\/www.behome-mallorca.com\/es\/servicios\/mantenimiento\/","title":{"rendered":"Mantenimiento"},"content":{"rendered":"<p>Una casa siempre necesita cuidados, sobre todo si no la habita durante todo el a\u00f1o. Por ello, en BeHome Mallorca le ofrecemos un servicio completo para que su casa est\u00e9 siempre en perfectas condiciones y pueda disfrutarla siempre que lo desee.<\/p>\n<p>Nuestros servicios incluyen:<\/p>\n<p>\u2022 Limpieza y cuidados de piscina.<br \/>\n\u2022 Dise\u00f1o y cuidados de jard\u00edn y poda de \u00e1rboles.<br \/>\n\u2022 Vigilancia regular de la propiedad.<br \/>\n\u2022 Inspecci\u00f3n y reparaci\u00f3n de tuber\u00edas, sistemas el\u00e9ctricos y otras reparaciones t\u00e9cnicas.<br \/>\n\u2022 Limpieza regular y de temporada.<\/p>\n","protected":false},"excerpt":{"rendered":"<p>Una casa siempre necesita cuidados, sobre todo si no la habita durante todo el a\u00f1o. Por ello, en BeHome Mallorca le ofrecemos un servicio completo para que su casa est\u00e9 siempre en perfectas condiciones y pueda disfrutarla siempre que lo desee. Nuestros servicios incluyen: \u2022 Limpieza y cuidados de piscina. \u2022 Dise\u00f1o y cuidados de [&hellip;]<\/p>\n","protected":false},"author":4,"featured_media":8429,"parent":7931,"menu_order":4100,"comment_status":"closed","ping_status":"closed","template":"","meta":{"_acf_changed":false,"footnotes":""},"class_list":["post-8074","page","type-page","status-publish","has-post-thumbnail","hentry"],"acf":[],"yoast_head":"<!-- This site is optimized with the Yoast SEO plugin v26.4 - https:\/\/yoast.com\/wordpress\/plugins\/seo\/ -->\n<title>Mantenimiento in Mallorca<\/title>\n<meta name=\"description\" content=\"La major soluci\u00f3n para que su casa de ensue\u00f1o est\u00e9 siempre en buen estado y que pueda disfrutar de sus vacaciones en su totalidad.\" \/>\n<meta name=\"robots\" content=\"index, follow, max-snippet:-1, max-image-preview:large, max-video-preview:-1\" \/>\n<link rel=\"canonical\" href=\"https:\/\/www.behome-mallorca.com\/es\/servicios\/mantenimiento\/\" \/>\n<meta property=\"og:locale\" content=\"es_ES\" \/>\n<meta property=\"og:type\" content=\"article\" \/>\n<meta property=\"og:title\" content=\"Mantenimiento in Mallorca\" \/>\n<meta property=\"og:description\" content=\"La major soluci\u00f3n para que su casa de ensue\u00f1o est\u00e9 siempre en buen estado y que pueda disfrutar de sus vacaciones en su totalidad.\" \/>\n<meta property=\"og:url\" content=\"https:\/\/www.behome-mallorca.com\/es\/servicios\/mantenimiento\/\" \/>\n<meta property=\"og:site_name\" content=\"BeHome Mallorca\" \/>\n<meta property=\"article:publisher\" content=\"https:\/\/www.facebook.com\/BeHomeMallorca\" \/>\n<meta property=\"article:modified_time\" content=\"2021-02-26T16:50:47+00:00\" \/>\n<meta property=\"og:image\" content=\"https:\/\/www.behome-mallorca.com\/wp-content\/uploads\/2015\/11\/hausbetreuung.jpg\" \/>\n\t<meta property=\"og:image:width\" content=\"1440\" \/>\n\t<meta property=\"og:image:height\" content=\"996\" \/>\n\t<meta property=\"og:image:type\" content=\"image\/jpeg\" \/>\n<meta name=\"twitter:card\" content=\"summary_large_image\" \/>\n<meta name=\"twitter:site\" content=\"@behomemallorca\" \/>\n<script type=\"application\/ld+json\" class=\"yoast-schema-graph\">{\"@context\":\"https:\/\/schema.org\",\"@graph\":[{\"@type\":\"WebPage\",\"@id\":\"https:\/\/www.behome-mallorca.com\/es\/servicios\/mantenimiento\/\",\"url\":\"https:\/\/www.behome-mallorca.com\/es\/servicios\/mantenimiento\/\",\"name\":\"Mantenimiento in Mallorca\",\"isPartOf\":{\"@id\":\"https:\/\/www.behome-mallorca.com\/#website\"},\"primaryImageOfPage\":{\"@id\":\"https:\/\/www.behome-mallorca.com\/es\/servicios\/mantenimiento\/#primaryimage\"},\"image\":{\"@id\":\"https:\/\/www.behome-mallorca.com\/es\/servicios\/mantenimiento\/#primaryimage\"},\"thumbnailUrl\":\"https:\/\/www.behome-mallorca.com\/wp-content\/uploads\/2015\/11\/hausbetreuung.jpg\",\"datePublished\":\"2017-06-01T10:21:06+00:00\",\"dateModified\":\"2021-02-26T16:50:47+00:00\",\"description\":\"La major soluci\u00f3n para que su casa de ensue\u00f1o est\u00e9 siempre en buen estado y que pueda disfrutar de sus vacaciones en su totalidad.\",\"breadcrumb\":{\"@id\":\"https:\/\/www.behome-mallorca.com\/es\/servicios\/mantenimiento\/#breadcrumb\"},\"inLanguage\":\"es\",\"potentialAction\":[{\"@type\":\"ReadAction\",\"target\":[\"https:\/\/www.behome-mallorca.com\/es\/servicios\/mantenimiento\/\"]}]},{\"@type\":\"ImageObject\",\"inLanguage\":\"es\",\"@id\":\"https:\/\/www.behome-mallorca.com\/es\/servicios\/mantenimiento\/#primaryimage\",\"url\":\"https:\/\/www.behome-mallorca.com\/wp-content\/uploads\/2015\/11\/hausbetreuung.jpg\",\"contentUrl\":\"https:\/\/www.behome-mallorca.com\/wp-content\/uploads\/2015\/11\/hausbetreuung.jpg\",\"width\":1440,\"height\":996,\"caption\":\"Mantenimiento\"},{\"@type\":\"BreadcrumbList\",\"@id\":\"https:\/\/www.behome-mallorca.com\/es\/servicios\/mantenimiento\/#breadcrumb\",\"itemListElement\":[{\"@type\":\"ListItem\",\"position\":1,\"name\":\"Home\",\"item\":\"https:\/\/www.behome-mallorca.com\/es\/\"},{\"@type\":\"ListItem\",\"position\":2,\"name\":\"Servicios\",\"item\":\"https:\/\/www.behome-mallorca.com\/es\/servicios\/\"},{\"@type\":\"ListItem\",\"position\":3,\"name\":\"Mantenimiento\"}]},{\"@type\":\"WebSite\",\"@id\":\"https:\/\/www.behome-mallorca.com\/#website\",\"url\":\"https:\/\/www.behome-mallorca.com\/\",\"name\":\"BeHome Mallorca\",\"description\":\"Casas para vivir\",\"publisher\":{\"@id\":\"https:\/\/www.behome-mallorca.com\/#organization\"},\"potentialAction\":[{\"@type\":\"SearchAction\",\"target\":{\"@type\":\"EntryPoint\",\"urlTemplate\":\"https:\/\/www.behome-mallorca.com\/?s={search_term_string}\"},\"query-input\":{\"@type\":\"PropertyValueSpecification\",\"valueRequired\":true,\"valueName\":\"search_term_string\"}}],\"inLanguage\":\"es\"},{\"@type\":\"Organization\",\"@id\":\"https:\/\/www.behome-mallorca.com\/#organization\",\"name\":\"BeHome Mallorca\",\"url\":\"https:\/\/www.behome-mallorca.com\/\",\"logo\":{\"@type\":\"ImageObject\",\"inLanguage\":\"es\",\"@id\":\"https:\/\/www.behome-mallorca.com\/#\/schema\/logo\/image\/\",\"url\":\"https:\/\/www.behome-mallorca.com\/wp-content\/uploads\/2021\/02\/logo-black-gold.svg\",\"contentUrl\":\"https:\/\/www.behome-mallorca.com\/wp-content\/uploads\/2021\/02\/logo-black-gold.svg\",\"caption\":\"BeHome Mallorca\"},\"image\":{\"@id\":\"https:\/\/www.behome-mallorca.com\/#\/schema\/logo\/image\/\"},\"sameAs\":[\"https:\/\/www.facebook.com\/BeHomeMallorca\",\"https:\/\/x.com\/behomemallorca\"]}]}<\/script>\n<!-- \/ Yoast SEO plugin. -->","yoast_head_json":{"title":"Mantenimiento in Mallorca","description":"La major soluci\u00f3n para que su casa de ensue\u00f1o est\u00e9 siempre en buen estado y que pueda disfrutar de sus vacaciones en su totalidad.","robots":{"index":"index","follow":"follow","max-snippet":"max-snippet:-1","max-image-preview":"max-image-preview:large","max-video-preview":"max-video-preview:-1"},"canonical":"https:\/\/www.behome-mallorca.com\/es\/servicios\/mantenimiento\/","og_locale":"es_ES","og_type":"article","og_title":"Mantenimiento in Mallorca","og_description":"La major soluci\u00f3n para que su casa de ensue\u00f1o est\u00e9 siempre en buen estado y que pueda disfrutar de sus vacaciones en su totalidad.","og_url":"https:\/\/www.behome-mallorca.com\/es\/servicios\/mantenimiento\/","og_site_name":"BeHome Mallorca","article_publisher":"https:\/\/www.facebook.com\/BeHomeMallorca","article_modified_time":"2021-02-26T16:50:47+00:00","og_image":[{"width":1440,"height":996,"url":"https:\/\/www.behome-mallorca.com\/wp-content\/uploads\/2015\/11\/hausbetreuung.jpg","type":"image\/jpeg"}],"twitter_card":"summary_large_image","twitter_site":"@behomemallorca","schema":{"@context":"https:\/\/schema.org","@graph":[{"@type":"WebPage","@id":"https:\/\/www.behome-mallorca.com\/es\/servicios\/mantenimiento\/","url":"https:\/\/www.behome-mallorca.com\/es\/servicios\/mantenimiento\/","name":"Mantenimiento in Mallorca","isPartOf":{"@id":"https:\/\/www.behome-mallorca.com\/#website"},"primaryImageOfPage":{"@id":"https:\/\/www.behome-mallorca.com\/es\/servicios\/mantenimiento\/#primaryimage"},"image":{"@id":"https:\/\/www.behome-mallorca.com\/es\/servicios\/mantenimiento\/#primaryimage"},"thumbnailUrl":"https:\/\/www.behome-mallorca.com\/wp-content\/uploads\/2015\/11\/hausbetreuung.jpg","datePublished":"2017-06-01T10:21:06+00:00","dateModified":"2021-02-26T16:50:47+00:00","description":"La major soluci\u00f3n para que su casa de ensue\u00f1o est\u00e9 siempre en buen estado y que pueda disfrutar de sus vacaciones en su totalidad.","breadcrumb":{"@id":"https:\/\/www.behome-mallorca.com\/es\/servicios\/mantenimiento\/#breadcrumb"},"inLanguage":"es","potentialAction":[{"@type":"ReadAction","target":["https:\/\/www.behome-mallorca.com\/es\/servicios\/mantenimiento\/"]}]},{"@type":"ImageObject","inLanguage":"es","@id":"https:\/\/www.behome-mallorca.com\/es\/servicios\/mantenimiento\/#primaryimage","url":"https:\/\/www.behome-mallorca.com\/wp-content\/uploads\/2015\/11\/hausbetreuung.jpg","contentUrl":"https:\/\/www.behome-mallorca.com\/wp-content\/uploads\/2015\/11\/hausbetreuung.jpg","width":1440,"height":996,"caption":"Mantenimiento"},{"@type":"BreadcrumbList","@id":"https:\/\/www.behome-mallorca.com\/es\/servicios\/mantenimiento\/#breadcrumb","itemListElement":[{"@type":"ListItem","position":1,"name":"Home","item":"https:\/\/www.behome-mallorca.com\/es\/"},{"@type":"ListItem","position":2,"name":"Servicios","item":"https:\/\/www.behome-mallorca.com\/es\/servicios\/"},{"@type":"ListItem","position":3,"name":"Mantenimiento"}]},{"@type":"WebSite","@id":"https:\/\/www.behome-mallorca.com\/#website","url":"https:\/\/www.behome-mallorca.com\/","name":"BeHome Mallorca","description":"Casas para vivir","publisher":{"@id":"https:\/\/www.behome-mallorca.com\/#organization"},"potentialAction":[{"@type":"SearchAction","target":{"@type":"EntryPoint","urlTemplate":"https:\/\/www.behome-mallorca.com\/?s={search_term_string}"},"query-input":{"@type":"PropertyValueSpecification","valueRequired":true,"valueName":"search_term_string"}}],"inLanguage":"es"},{"@type":"Organization","@id":"https:\/\/www.behome-mallorca.com\/#organization","name":"BeHome Mallorca","url":"https:\/\/www.behome-mallorca.com\/","logo":{"@type":"ImageObject","inLanguage":"es","@id":"https:\/\/www.behome-mallorca.com\/#\/schema\/logo\/image\/","url":"https:\/\/www.behome-mallorca.com\/wp-content\/uploads\/2021\/02\/logo-black-gold.svg","contentUrl":"https:\/\/www.behome-mallorca.com\/wp-content\/uploads\/2021\/02\/logo-black-gold.svg","caption":"BeHome Mallorca"},"image":{"@id":"https:\/\/www.behome-mallorca.com\/#\/schema\/logo\/image\/"},"sameAs":["https:\/\/www.facebook.com\/BeHomeMallorca","https:\/\/x.com\/behomemallorca"]}]}},"_links":{"self":[{"href":"https:\/\/www.behome-mallorca.com\/es\/wp-json\/wp\/v2\/pages\/8074","targetHints":{"allow":["GET"]}}],"collection":[{"href":"https:\/\/www.behome-mallorca.com\/es\/wp-json\/wp\/v2\/pages"}],"about":[{"href":"https:\/\/www.behome-mallorca.com\/es\/wp-json\/wp\/v2\/types\/page"}],"author":[{"embeddable":true,"href":"https:\/\/www.behome-mallorca.com\/es\/wp-json\/wp\/v2\/users\/4"}],"replies":[{"embeddable":true,"href":"https:\/\/www.behome-mallorca.com\/es\/wp-json\/wp\/v2\/comments?post=8074"}],"version-history":[{"count":0,"href":"https:\/\/www.behome-mallorca.com\/es\/wp-json\/wp\/v2\/pages\/8074\/revisions"}],"up":[{"embeddable":true,"href":"https:\/\/www.behome-mallorca.com\/es\/wp-json\/wp\/v2\/pages\/7931"}],"wp:featuredmedia":[{"embeddable":true,"href":"https:\/\/www.behome-mallorca.com\/es\/wp-json\/wp\/v2\/media\/8429"}],"wp:attachment":[{"href":"https:\/\/www.behome-mallorca.com\/es\/wp-json\/wp\/v2\/media?parent=8074"}],"curies":[{"name":"wp","href":"https:\/\/api.w.org\/{rel}","templated":true}]}}