{"id":8121,"date":"2017-06-02T12:15:50","date_gmt":"2017-06-02T10:15:50","guid":{"rendered":"https:\/\/www.behome-mallorca.com\/es\/spanisch-south-east-mallorca\/"},"modified":"2021-02-26T17:48:34","modified_gmt":"2021-02-26T16:48:34","slug":"el-sureste-de-mallorca","status":"publish","type":"page","link":"https:\/\/www.behome-mallorca.com\/es\/el-sureste-de-mallorca\/","title":{"rendered":"El sureste de Mallorca"},"content":{"rendered":"<p>La costa sureste de Mallorca comprende la llamada regi\u00f3n de Migjorn, que va desde la paradis\u00edaca playa \u00a0de Es Trenc hasta el maravillo pueblo pesquero de Portocolom. Esta regi\u00f3n se ubica a tan solo <strong>45 km de la capital \u00a0Palma de Mallorca <\/strong>y\u00a0sin embargo, a\u00fan\u00a0conserva el estilo aut\u00e9ntico de la isla.<\/p>\n<p><strong>Los pueblos<\/strong><\/p>\n<p>Los pueblos del interior como <strong>Santanyi, Campos<\/strong> o <strong>Felanitx<\/strong> conservan su antigua estructura urbana con peque\u00f1as y pintorescas calles \u00a0que conducen\u00a0a la plaza principal: el punto de encuentro social, donde se celebran las fiestas de pueblo o los mercados semanales. Pocas veces encontrar\u00e1 aqu\u00ed nuevos edificios de varios pisos, t\u00edpicos de otras zonas de la isla.<\/p>\n<p>En los pueblos costeros, como <strong>Portocolom <\/strong>o <strong>Portopetro<\/strong>, a\u00fan se conservan muchas de las t\u00edpicas casas de pescadores. Incluso en <strong>Cala D&#8217;Or<\/strong>, uno de los pocos centros tur\u00edsticos de la regi\u00f3n, los pocos edificios blancos de dos plantas parecen casi ocultarse, entre los pinos.<\/p>\n<img fetchpriority=\"high\" decoding=\"async\" class=\"alignnone wp-image-80 size-medium\" style=\"line-height: 1.5;\" src=\"https:\/\/www.behome-mallorca.com\/wp-content\/uploads\/2015\/11\/behome-mallorca-south-east-1-900x500.jpg\" alt=\"behome-mallorca-south-east-1\" width=\"900\" height=\"500\" srcset=\"https:\/\/www.behome-mallorca.com\/wp-content\/uploads\/2015\/11\/behome-mallorca-south-east-1-900x500.jpg 900w, https:\/\/www.behome-mallorca.com\/wp-content\/uploads\/2015\/11\/behome-mallorca-south-east-1-500x278.jpg 500w, https:\/\/www.behome-mallorca.com\/wp-content\/uploads\/2015\/11\/behome-mallorca-south-east-1.jpg 1440w\" sizes=\"(max-width: 900px) 100vw, 900px\" \/>\n<p>En el sureste de Mallorca, el desarrollo tur\u00edstico sigui\u00f3 su propio camino, a lo mejor por las numerosas peque\u00f1as calas de agua turquesa, que invitan al <strong>descanso.<\/strong><\/p>\n<p>Muchas de las tiendas locales est\u00e1n orientadas al cliente y en las que la calidad importa m\u00e1s\u00a0que la cantidad. \u00a0Algunas\u00a0de estas peque\u00f1as tiendas las encontramos en antiguas casas de pueblo, lo que les d\u00e1 un car\u00e1cter muy especial. En ellas encontramos desde art\u00edculos artesanales hasta obras de arte.<\/p>\n<p><strong>Actividades tur\u00edsticas<\/strong><\/p>\n<p>Pese a su car\u00e1cter aut\u00e9ntico, la regi\u00f3n del sureste de Mallorca dispone de una infraestructura tur\u00edstica de primera clase. Entre muchas ofertas cabe recalcar los numerosos <strong>clubs n\u00e1uticos <\/strong>de la regi\u00f3n y el campo de golf Vall d\u2019Or en Portocolom, que forma parte de los 25 mejores clubs de golf de Europa. La administraci\u00f3n local ha sabido equilibrar la balanza entre el desarrollo tur\u00edstico y la conservaci\u00f3n de las <strong>riquezas naturales de la regi\u00f3n.\u00a0<\/strong>\u00a0Algunos ejemplos de esta gesti\u00f3n son la playa de Es Trenc, el parque de Mondrag\u00f3 o el parque nacional de Cabrera.<\/p>\n<img decoding=\"async\" class=\"alignnone wp-image-81 size-medium\" style=\"line-height: 1.5;\" src=\"https:\/\/www.behome-mallorca.com\/wp-content\/uploads\/2015\/11\/behome-mallorca-south-east-2-900x500.jpg\" alt=\"behome-mallorca-south-east-2\" width=\"900\" height=\"500\" srcset=\"https:\/\/www.behome-mallorca.com\/wp-content\/uploads\/2015\/11\/behome-mallorca-south-east-2-900x500.jpg 900w, https:\/\/www.behome-mallorca.com\/wp-content\/uploads\/2015\/11\/behome-mallorca-south-east-2-500x278.jpg 500w, https:\/\/www.behome-mallorca.com\/wp-content\/uploads\/2015\/11\/behome-mallorca-south-east-2.jpg 1440w\" sizes=\"(max-width: 900px) 100vw, 900px\" \/>\n","protected":false},"excerpt":{"rendered":"<p>La costa sureste de Mallorca comprende la llamada regi\u00f3n de Migjorn, que va desde la paradis\u00edaca playa \u00a0de Es Trenc hasta el maravillo pueblo pesquero de Portocolom. Esta regi\u00f3n se ubica a tan solo 45 km de la capital \u00a0Palma de Mallorca y\u00a0sin embargo, a\u00fan\u00a0conserva el estilo aut\u00e9ntico de la isla. Los pueblos Los pueblos [&hellip;]<\/p>\n","protected":false},"author":4,"featured_media":8122,"parent":0,"menu_order":3300,"comment_status":"closed","ping_status":"closed","template":"","meta":{"_acf_changed":false,"footnotes":""},"class_list":["post-8121","page","type-page","status-publish","has-post-thumbnail","hentry"],"acf":[],"yoast_head":"<!-- This site is optimized with the Yoast SEO plugin v26.4 - https:\/\/yoast.com\/wordpress\/plugins\/seo\/ -->\n<title>El sureste de Mallorca - BeHome Mallorca<\/title>\n<meta name=\"description\" content=\"Lejos del turismo masivo, el sureste de la isla todav\u00eda conserva ese encanto original que le dio el nombre de \u201cisla de la calma\u201d a Mallorca.\" \/>\n<meta name=\"robots\" content=\"index, follow, max-snippet:-1, max-image-preview:large, max-video-preview:-1\" \/>\n<link rel=\"canonical\" href=\"https:\/\/www.behome-mallorca.com\/es\/el-sureste-de-mallorca\/\" \/>\n<meta property=\"og:locale\" content=\"es_ES\" \/>\n<meta property=\"og:type\" content=\"article\" \/>\n<meta property=\"og:title\" content=\"El sureste de Mallorca - BeHome Mallorca\" \/>\n<meta property=\"og:description\" content=\"Lejos del turismo masivo, el sureste de la isla todav\u00eda conserva ese encanto original que le dio el nombre de \u201cisla de la calma\u201d a Mallorca.\" \/>\n<meta property=\"og:url\" content=\"https:\/\/www.behome-mallorca.com\/es\/el-sureste-de-mallorca\/\" \/>\n<meta property=\"og:site_name\" content=\"BeHome Mallorca\" \/>\n<meta property=\"article:publisher\" content=\"https:\/\/www.facebook.com\/BeHomeMallorca\" \/>\n<meta property=\"article:modified_time\" content=\"2021-02-26T16:48:34+00:00\" \/>\n<meta property=\"og:image\" content=\"https:\/\/www.behome-mallorca.com\/wp-content\/uploads\/2015\/11\/behome-mallorca-south-east.jpg\" \/>\n\t<meta property=\"og:image:width\" content=\"1440\" \/>\n\t<meta property=\"og:image:height\" content=\"800\" \/>\n\t<meta property=\"og:image:type\" content=\"image\/jpeg\" \/>\n<meta name=\"twitter:card\" content=\"summary_large_image\" \/>\n<meta name=\"twitter:site\" content=\"@behomemallorca\" \/>\n<meta name=\"twitter:label1\" content=\"Tiempo de lectura\" \/>\n\t<meta name=\"twitter:data1\" content=\"2 minutos\" \/>\n<script type=\"application\/ld+json\" class=\"yoast-schema-graph\">{\"@context\":\"https:\/\/schema.org\",\"@graph\":[{\"@type\":\"WebPage\",\"@id\":\"https:\/\/www.behome-mallorca.com\/es\/el-sureste-de-mallorca\/\",\"url\":\"https:\/\/www.behome-mallorca.com\/es\/el-sureste-de-mallorca\/\",\"name\":\"El sureste de Mallorca - BeHome Mallorca\",\"isPartOf\":{\"@id\":\"https:\/\/www.behome-mallorca.com\/#website\"},\"primaryImageOfPage\":{\"@id\":\"https:\/\/www.behome-mallorca.com\/es\/el-sureste-de-mallorca\/#primaryimage\"},\"image\":{\"@id\":\"https:\/\/www.behome-mallorca.com\/es\/el-sureste-de-mallorca\/#primaryimage\"},\"thumbnailUrl\":\"https:\/\/www.behome-mallorca.com\/wp-content\/uploads\/2015\/11\/behome-mallorca-south-east.jpg\",\"datePublished\":\"2017-06-02T10:15:50+00:00\",\"dateModified\":\"2021-02-26T16:48:34+00:00\",\"description\":\"Lejos del turismo masivo, el sureste de la isla todav\u00eda conserva ese encanto original que le dio el nombre de \u201cisla de la calma\u201d a Mallorca.\",\"breadcrumb\":{\"@id\":\"https:\/\/www.behome-mallorca.com\/es\/el-sureste-de-mallorca\/#breadcrumb\"},\"inLanguage\":\"es\",\"potentialAction\":[{\"@type\":\"ReadAction\",\"target\":[\"https:\/\/www.behome-mallorca.com\/es\/el-sureste-de-mallorca\/\"]}]},{\"@type\":\"ImageObject\",\"inLanguage\":\"es\",\"@id\":\"https:\/\/www.behome-mallorca.com\/es\/el-sureste-de-mallorca\/#primaryimage\",\"url\":\"https:\/\/www.behome-mallorca.com\/wp-content\/uploads\/2015\/11\/behome-mallorca-south-east.jpg\",\"contentUrl\":\"https:\/\/www.behome-mallorca.com\/wp-content\/uploads\/2015\/11\/behome-mallorca-south-east.jpg\",\"width\":1440,\"height\":800},{\"@type\":\"BreadcrumbList\",\"@id\":\"https:\/\/www.behome-mallorca.com\/es\/el-sureste-de-mallorca\/#breadcrumb\",\"itemListElement\":[{\"@type\":\"ListItem\",\"position\":1,\"name\":\"Home\",\"item\":\"https:\/\/www.behome-mallorca.com\/es\/\"},{\"@type\":\"ListItem\",\"position\":2,\"name\":\"El sureste de Mallorca\"}]},{\"@type\":\"WebSite\",\"@id\":\"https:\/\/www.behome-mallorca.com\/#website\",\"url\":\"https:\/\/www.behome-mallorca.com\/\",\"name\":\"BeHome Mallorca\",\"description\":\"Casas para vivir\",\"publisher\":{\"@id\":\"https:\/\/www.behome-mallorca.com\/#organization\"},\"potentialAction\":[{\"@type\":\"SearchAction\",\"target\":{\"@type\":\"EntryPoint\",\"urlTemplate\":\"https:\/\/www.behome-mallorca.com\/?s={search_term_string}\"},\"query-input\":{\"@type\":\"PropertyValueSpecification\",\"valueRequired\":true,\"valueName\":\"search_term_string\"}}],\"inLanguage\":\"es\"},{\"@type\":\"Organization\",\"@id\":\"https:\/\/www.behome-mallorca.com\/#organization\",\"name\":\"BeHome Mallorca\",\"url\":\"https:\/\/www.behome-mallorca.com\/\",\"logo\":{\"@type\":\"ImageObject\",\"inLanguage\":\"es\",\"@id\":\"https:\/\/www.behome-mallorca.com\/#\/schema\/logo\/image\/\",\"url\":\"https:\/\/www.behome-mallorca.com\/wp-content\/uploads\/2021\/02\/logo-black-gold.svg\",\"contentUrl\":\"https:\/\/www.behome-mallorca.com\/wp-content\/uploads\/2021\/02\/logo-black-gold.svg\",\"caption\":\"BeHome Mallorca\"},\"image\":{\"@id\":\"https:\/\/www.behome-mallorca.com\/#\/schema\/logo\/image\/\"},\"sameAs\":[\"https:\/\/www.facebook.com\/BeHomeMallorca\",\"https:\/\/x.com\/behomemallorca\"]}]}<\/script>\n<!-- \/ Yoast SEO plugin. -->","yoast_head_json":{"title":"El sureste de Mallorca - BeHome Mallorca","description":"Lejos del turismo masivo, el sureste de la isla todav\u00eda conserva ese encanto original que le dio el nombre de \u201cisla de la calma\u201d a Mallorca.","robots":{"index":"index","follow":"follow","max-snippet":"max-snippet:-1","max-image-preview":"max-image-preview:large","max-video-preview":"max-video-preview:-1"},"canonical":"https:\/\/www.behome-mallorca.com\/es\/el-sureste-de-mallorca\/","og_locale":"es_ES","og_type":"article","og_title":"El sureste de Mallorca - BeHome Mallorca","og_description":"Lejos del turismo masivo, el sureste de la isla todav\u00eda conserva ese encanto original que le dio el nombre de \u201cisla de la calma\u201d a Mallorca.","og_url":"https:\/\/www.behome-mallorca.com\/es\/el-sureste-de-mallorca\/","og_site_name":"BeHome Mallorca","article_publisher":"https:\/\/www.facebook.com\/BeHomeMallorca","article_modified_time":"2021-02-26T16:48:34+00:00","og_image":[{"width":1440,"height":800,"url":"https:\/\/www.behome-mallorca.com\/wp-content\/uploads\/2015\/11\/behome-mallorca-south-east.jpg","type":"image\/jpeg"}],"twitter_card":"summary_large_image","twitter_site":"@behomemallorca","twitter_misc":{"Tiempo de lectura":"2 minutos"},"schema":{"@context":"https:\/\/schema.org","@graph":[{"@type":"WebPage","@id":"https:\/\/www.behome-mallorca.com\/es\/el-sureste-de-mallorca\/","url":"https:\/\/www.behome-mallorca.com\/es\/el-sureste-de-mallorca\/","name":"El sureste de Mallorca - BeHome Mallorca","isPartOf":{"@id":"https:\/\/www.behome-mallorca.com\/#website"},"primaryImageOfPage":{"@id":"https:\/\/www.behome-mallorca.com\/es\/el-sureste-de-mallorca\/#primaryimage"},"image":{"@id":"https:\/\/www.behome-mallorca.com\/es\/el-sureste-de-mallorca\/#primaryimage"},"thumbnailUrl":"https:\/\/www.behome-mallorca.com\/wp-content\/uploads\/2015\/11\/behome-mallorca-south-east.jpg","datePublished":"2017-06-02T10:15:50+00:00","dateModified":"2021-02-26T16:48:34+00:00","description":"Lejos del turismo masivo, el sureste de la isla todav\u00eda conserva ese encanto original que le dio el nombre de \u201cisla de la calma\u201d a Mallorca.","breadcrumb":{"@id":"https:\/\/www.behome-mallorca.com\/es\/el-sureste-de-mallorca\/#breadcrumb"},"inLanguage":"es","potentialAction":[{"@type":"ReadAction","target":["https:\/\/www.behome-mallorca.com\/es\/el-sureste-de-mallorca\/"]}]},{"@type":"ImageObject","inLanguage":"es","@id":"https:\/\/www.behome-mallorca.com\/es\/el-sureste-de-mallorca\/#primaryimage","url":"https:\/\/www.behome-mallorca.com\/wp-content\/uploads\/2015\/11\/behome-mallorca-south-east.jpg","contentUrl":"https:\/\/www.behome-mallorca.com\/wp-content\/uploads\/2015\/11\/behome-mallorca-south-east.jpg","width":1440,"height":800},{"@type":"BreadcrumbList","@id":"https:\/\/www.behome-mallorca.com\/es\/el-sureste-de-mallorca\/#breadcrumb","itemListElement":[{"@type":"ListItem","position":1,"name":"Home","item":"https:\/\/www.behome-mallorca.com\/es\/"},{"@type":"ListItem","position":2,"name":"El sureste de Mallorca"}]},{"@type":"WebSite","@id":"https:\/\/www.behome-mallorca.com\/#website","url":"https:\/\/www.behome-mallorca.com\/","name":"BeHome Mallorca","description":"Casas para vivir","publisher":{"@id":"https:\/\/www.behome-mallorca.com\/#organization"},"potentialAction":[{"@type":"SearchAction","target":{"@type":"EntryPoint","urlTemplate":"https:\/\/www.behome-mallorca.com\/?s={search_term_string}"},"query-input":{"@type":"PropertyValueSpecification","valueRequired":true,"valueName":"search_term_string"}}],"inLanguage":"es"},{"@type":"Organization","@id":"https:\/\/www.behome-mallorca.com\/#organization","name":"BeHome Mallorca","url":"https:\/\/www.behome-mallorca.com\/","logo":{"@type":"ImageObject","inLanguage":"es","@id":"https:\/\/www.behome-mallorca.com\/#\/schema\/logo\/image\/","url":"https:\/\/www.behome-mallorca.com\/wp-content\/uploads\/2021\/02\/logo-black-gold.svg","contentUrl":"https:\/\/www.behome-mallorca.com\/wp-content\/uploads\/2021\/02\/logo-black-gold.svg","caption":"BeHome Mallorca"},"image":{"@id":"https:\/\/www.behome-mallorca.com\/#\/schema\/logo\/image\/"},"sameAs":["https:\/\/www.facebook.com\/BeHomeMallorca","https:\/\/x.com\/behomemallorca"]}]}},"_links":{"self":[{"href":"https:\/\/www.behome-mallorca.com\/es\/wp-json\/wp\/v2\/pages\/8121","targetHints":{"allow":["GET"]}}],"collection":[{"href":"https:\/\/www.behome-mallorca.com\/es\/wp-json\/wp\/v2\/pages"}],"about":[{"href":"https:\/\/www.behome-mallorca.com\/es\/wp-json\/wp\/v2\/types\/page"}],"author":[{"embeddable":true,"href":"https:\/\/www.behome-mallorca.com\/es\/wp-json\/wp\/v2\/users\/4"}],"replies":[{"embeddable":true,"href":"https:\/\/www.behome-mallorca.com\/es\/wp-json\/wp\/v2\/comments?post=8121"}],"version-history":[{"count":0,"href":"https:\/\/www.behome-mallorca.com\/es\/wp-json\/wp\/v2\/pages\/8121\/revisions"}],"wp:featuredmedia":[{"embeddable":true,"href":"https:\/\/www.behome-mallorca.com\/es\/wp-json\/wp\/v2\/media\/8122"}],"wp:attachment":[{"href":"https:\/\/www.behome-mallorca.com\/es\/wp-json\/wp\/v2\/media?parent=8121"}],"curies":[{"name":"wp","href":"https:\/\/api.w.org\/{rel}","templated":true}]}}