{"id":8128,"date":"2017-06-02T14:05:14","date_gmt":"2017-06-02T12:05:14","guid":{"rendered":"https:\/\/www.behome-mallorca.com\/es\/spanisch-sale-disclaimer\/"},"modified":"2024-10-07T13:44:20","modified_gmt":"2024-10-07T11:44:20","slug":"clausula-de-exclusion","status":"publish","type":"page","link":"https:\/\/www.behome-mallorca.com\/es\/clausula-de-exclusion\/","title":{"rendered":"Cl\u00e1usula de exclusi\u00f3n"},"content":{"rendered":"<p>Este servicio es sin comisi\u00f3n para el comprador. Todas las tasas e impuestos, como, por ejemplo, costes de notar\u00eda, tasas de inscripci\u00f3n, gestor\u00eda e impuesto de contrato de traspaso\u00a0 las debe pagar el comprador. Las informaciones y los datos facilitados pueden sufrir cambios en cualquier momento y sin previo aviso. Todas las informaciones se basan en las indicaciones de los propietarios y pueden contener datos err\u00f3neos, adem\u00e1s de poder ser corregidos, cambiados o eliminados en cualquier momento. BeHome Mallorca no se hace responsable de la veracidad de los detalles. Nuestros servicios son confidenciales. Cualquier comunicaci\u00f3n no autorizada de nuestros servicios a terceros queda terminantemente prohibida.<\/p>\n<p>Referente a alquileres: el precio se\u00f1alado es por mes y no incluye gastos adicionales. La comisi\u00f3n ser\u00e1 abonada por el propietario del inmueble a BeHome Mallorca.<\/p>\n","protected":false},"excerpt":{"rendered":"<p>Este servicio es sin comisi\u00f3n para el comprador. Todas las tasas e impuestos, como, por ejemplo, costes de notar\u00eda, tasas de inscripci\u00f3n, gestor\u00eda e impuesto de contrato de traspaso\u00a0 las debe pagar el comprador. Las informaciones y los datos facilitados pueden sufrir cambios en cualquier momento y sin previo aviso. Todas las informaciones se basan [&hellip;]<\/p>\n","protected":false},"author":4,"featured_media":0,"parent":0,"menu_order":7000,"comment_status":"closed","ping_status":"closed","template":"","meta":{"_acf_changed":false,"footnotes":""},"class_list":["post-8128","page","type-page","status-publish","hentry"],"acf":[],"yoast_head":"<!-- This site is optimized with the Yoast SEO plugin v26.4 - https:\/\/yoast.com\/wordpress\/plugins\/seo\/ -->\n<title>Cl\u00e1usula de exclusi\u00f3n - BeHome Mallorca<\/title>\n<meta name=\"robots\" content=\"noindex, follow\" \/>\n<meta property=\"og:locale\" content=\"es_ES\" \/>\n<meta property=\"og:type\" content=\"article\" \/>\n<meta property=\"og:title\" content=\"Cl\u00e1usula de exclusi\u00f3n - BeHome Mallorca\" \/>\n<meta property=\"og:description\" content=\"Este servicio es sin comisi\u00f3n para el comprador. Todas las tasas e impuestos, como, por ejemplo, costes de notar\u00eda, tasas de inscripci\u00f3n, gestor\u00eda e impuesto de contrato de traspaso\u00a0 las debe pagar el comprador. Las informaciones y los datos facilitados pueden sufrir cambios en cualquier momento y sin previo aviso. Todas las informaciones se basan [&hellip;]\" \/>\n<meta property=\"og:url\" content=\"https:\/\/www.behome-mallorca.com\/es\/clausula-de-exclusion\/\" \/>\n<meta property=\"og:site_name\" content=\"BeHome Mallorca\" \/>\n<meta property=\"article:publisher\" content=\"https:\/\/www.facebook.com\/BeHomeMallorca\" \/>\n<meta property=\"article:modified_time\" content=\"2024-10-07T11:44:20+00:00\" \/>\n<meta name=\"twitter:card\" content=\"summary_large_image\" \/>\n<meta name=\"twitter:site\" content=\"@behomemallorca\" \/>\n<meta name=\"twitter:label1\" content=\"Tiempo de lectura\" \/>\n\t<meta name=\"twitter:data1\" content=\"1 minuto\" \/>\n<script type=\"application\/ld+json\" class=\"yoast-schema-graph\">{\"@context\":\"https:\/\/schema.org\",\"@graph\":[{\"@type\":\"WebPage\",\"@id\":\"https:\/\/www.behome-mallorca.com\/es\/clausula-de-exclusion\/\",\"url\":\"https:\/\/www.behome-mallorca.com\/es\/clausula-de-exclusion\/\",\"name\":\"Cl\u00e1usula de exclusi\u00f3n - BeHome Mallorca\",\"isPartOf\":{\"@id\":\"https:\/\/www.behome-mallorca.com\/#website\"},\"datePublished\":\"2017-06-02T12:05:14+00:00\",\"dateModified\":\"2024-10-07T11:44:20+00:00\",\"breadcrumb\":{\"@id\":\"https:\/\/www.behome-mallorca.com\/es\/clausula-de-exclusion\/#breadcrumb\"},\"inLanguage\":\"es\",\"potentialAction\":[{\"@type\":\"ReadAction\",\"target\":[\"https:\/\/www.behome-mallorca.com\/es\/clausula-de-exclusion\/\"]}]},{\"@type\":\"BreadcrumbList\",\"@id\":\"https:\/\/www.behome-mallorca.com\/es\/clausula-de-exclusion\/#breadcrumb\",\"itemListElement\":[{\"@type\":\"ListItem\",\"position\":1,\"name\":\"Home\",\"item\":\"https:\/\/www.behome-mallorca.com\/es\/\"},{\"@type\":\"ListItem\",\"position\":2,\"name\":\"Cl\u00e1usula de exclusi\u00f3n\"}]},{\"@type\":\"WebSite\",\"@id\":\"https:\/\/www.behome-mallorca.com\/#website\",\"url\":\"https:\/\/www.behome-mallorca.com\/\",\"name\":\"BeHome Mallorca\",\"description\":\"Casas para vivir\",\"publisher\":{\"@id\":\"https:\/\/www.behome-mallorca.com\/#organization\"},\"potentialAction\":[{\"@type\":\"SearchAction\",\"target\":{\"@type\":\"EntryPoint\",\"urlTemplate\":\"https:\/\/www.behome-mallorca.com\/?s={search_term_string}\"},\"query-input\":{\"@type\":\"PropertyValueSpecification\",\"valueRequired\":true,\"valueName\":\"search_term_string\"}}],\"inLanguage\":\"es\"},{\"@type\":\"Organization\",\"@id\":\"https:\/\/www.behome-mallorca.com\/#organization\",\"name\":\"BeHome Mallorca\",\"url\":\"https:\/\/www.behome-mallorca.com\/\",\"logo\":{\"@type\":\"ImageObject\",\"inLanguage\":\"es\",\"@id\":\"https:\/\/www.behome-mallorca.com\/#\/schema\/logo\/image\/\",\"url\":\"https:\/\/www.behome-mallorca.com\/wp-content\/uploads\/2021\/02\/logo-black-gold.svg\",\"contentUrl\":\"https:\/\/www.behome-mallorca.com\/wp-content\/uploads\/2021\/02\/logo-black-gold.svg\",\"caption\":\"BeHome Mallorca\"},\"image\":{\"@id\":\"https:\/\/www.behome-mallorca.com\/#\/schema\/logo\/image\/\"},\"sameAs\":[\"https:\/\/www.facebook.com\/BeHomeMallorca\",\"https:\/\/x.com\/behomemallorca\"]}]}<\/script>\n<!-- \/ Yoast SEO plugin. -->","yoast_head_json":{"title":"Cl\u00e1usula de exclusi\u00f3n - BeHome Mallorca","robots":{"index":"noindex","follow":"follow"},"og_locale":"es_ES","og_type":"article","og_title":"Cl\u00e1usula de exclusi\u00f3n - BeHome Mallorca","og_description":"Este servicio es sin comisi\u00f3n para el comprador. Todas las tasas e impuestos, como, por ejemplo, costes de notar\u00eda, tasas de inscripci\u00f3n, gestor\u00eda e impuesto de contrato de traspaso\u00a0 las debe pagar el comprador. Las informaciones y los datos facilitados pueden sufrir cambios en cualquier momento y sin previo aviso. Todas las informaciones se basan [&hellip;]","og_url":"https:\/\/www.behome-mallorca.com\/es\/clausula-de-exclusion\/","og_site_name":"BeHome Mallorca","article_publisher":"https:\/\/www.facebook.com\/BeHomeMallorca","article_modified_time":"2024-10-07T11:44:20+00:00","twitter_card":"summary_large_image","twitter_site":"@behomemallorca","twitter_misc":{"Tiempo de lectura":"1 minuto"},"schema":{"@context":"https:\/\/schema.org","@graph":[{"@type":"WebPage","@id":"https:\/\/www.behome-mallorca.com\/es\/clausula-de-exclusion\/","url":"https:\/\/www.behome-mallorca.com\/es\/clausula-de-exclusion\/","name":"Cl\u00e1usula de exclusi\u00f3n - BeHome Mallorca","isPartOf":{"@id":"https:\/\/www.behome-mallorca.com\/#website"},"datePublished":"2017-06-02T12:05:14+00:00","dateModified":"2024-10-07T11:44:20+00:00","breadcrumb":{"@id":"https:\/\/www.behome-mallorca.com\/es\/clausula-de-exclusion\/#breadcrumb"},"inLanguage":"es","potentialAction":[{"@type":"ReadAction","target":["https:\/\/www.behome-mallorca.com\/es\/clausula-de-exclusion\/"]}]},{"@type":"BreadcrumbList","@id":"https:\/\/www.behome-mallorca.com\/es\/clausula-de-exclusion\/#breadcrumb","itemListElement":[{"@type":"ListItem","position":1,"name":"Home","item":"https:\/\/www.behome-mallorca.com\/es\/"},{"@type":"ListItem","position":2,"name":"Cl\u00e1usula de exclusi\u00f3n"}]},{"@type":"WebSite","@id":"https:\/\/www.behome-mallorca.com\/#website","url":"https:\/\/www.behome-mallorca.com\/","name":"BeHome Mallorca","description":"Casas para vivir","publisher":{"@id":"https:\/\/www.behome-mallorca.com\/#organization"},"potentialAction":[{"@type":"SearchAction","target":{"@type":"EntryPoint","urlTemplate":"https:\/\/www.behome-mallorca.com\/?s={search_term_string}"},"query-input":{"@type":"PropertyValueSpecification","valueRequired":true,"valueName":"search_term_string"}}],"inLanguage":"es"},{"@type":"Organization","@id":"https:\/\/www.behome-mallorca.com\/#organization","name":"BeHome Mallorca","url":"https:\/\/www.behome-mallorca.com\/","logo":{"@type":"ImageObject","inLanguage":"es","@id":"https:\/\/www.behome-mallorca.com\/#\/schema\/logo\/image\/","url":"https:\/\/www.behome-mallorca.com\/wp-content\/uploads\/2021\/02\/logo-black-gold.svg","contentUrl":"https:\/\/www.behome-mallorca.com\/wp-content\/uploads\/2021\/02\/logo-black-gold.svg","caption":"BeHome Mallorca"},"image":{"@id":"https:\/\/www.behome-mallorca.com\/#\/schema\/logo\/image\/"},"sameAs":["https:\/\/www.facebook.com\/BeHomeMallorca","https:\/\/x.com\/behomemallorca"]}]}},"_links":{"self":[{"href":"https:\/\/www.behome-mallorca.com\/es\/wp-json\/wp\/v2\/pages\/8128","targetHints":{"allow":["GET"]}}],"collection":[{"href":"https:\/\/www.behome-mallorca.com\/es\/wp-json\/wp\/v2\/pages"}],"about":[{"href":"https:\/\/www.behome-mallorca.com\/es\/wp-json\/wp\/v2\/types\/page"}],"author":[{"embeddable":true,"href":"https:\/\/www.behome-mallorca.com\/es\/wp-json\/wp\/v2\/users\/4"}],"replies":[{"embeddable":true,"href":"https:\/\/www.behome-mallorca.com\/es\/wp-json\/wp\/v2\/comments?post=8128"}],"version-history":[{"count":0,"href":"https:\/\/www.behome-mallorca.com\/es\/wp-json\/wp\/v2\/pages\/8128\/revisions"}],"wp:attachment":[{"href":"https:\/\/www.behome-mallorca.com\/es\/wp-json\/wp\/v2\/media?parent=8128"}],"curies":[{"name":"wp","href":"https:\/\/api.w.org\/{rel}","templated":true}]}}